{"id":1824,"date":"2019-03-03T05:27:02","date_gmt":"2019-03-03T05:27:02","guid":{"rendered":"http:\/\/brabus.local\/?page_id=1824"},"modified":"2025-03-27T14:11:54","modified_gmt":"2025-03-27T14:11:54","slug":"home-2","status":"publish","type":"page","link":"https:\/\/dinnteriors.com\/en\/","title":{"rendered":"HOMEPAGE"},"content":{"rendered":"<section class=\"wpb-content-wrapper\"><section class=\"vc_section\"><section class=\"content-section no-spacing\" style=\"background-color: #dedbd2;\"><div class=\"vc_row wpb_row vc_row-fluid\"><div class=\"wpb_column vc_column_container vc_col-sm-12\"><div class=\"vc_column-inner\"><div class=\"wpb_wrapper\"><\/div><\/div><\/div><\/div><\/section><section class=\"content-section no-spacing\" ><div class=\"container\"><div data-vc-full-width=\"true\" data-vc-full-width-init=\"false\" class=\"vc_row wpb_row vc_row-fluid vc_custom_1710160488654 vc_row-has-fill\"><div class=\"wpb_column vc_column_container vc_col-sm-12\"><div class=\"vc_column-inner\"><div class=\"wpb_wrapper\"><div class=\"vc_empty_space\"   style=\"height: 32px\"><span class=\"vc_empty_space_inner\"><\/span><\/div>\r\n            <div class=\"section-title  wow fadeIn\" >\r\n                            <h6>Turn Your Dreams into Reality<\/h6>\r\n            \r\n                            <h2 data-text=\"D&#039;interiors\">D'interiors - Interior Architecture Office in Ankara<\/h2>\r\n                        <\/div>\r\n            <div class=\"vc_row wpb_row vc_inner vc_row-fluid\"><div class=\"wpb_column vc_column_container vc_col-sm-12 vc_col-md-5\"><div class=\"vc_column-inner\"><div class=\"wpb_wrapper\">            <div class=\"text-box wow fadeIn\" >\r\n                <h4>AESTHETICS, COURAGE AND CREATIVITY MEET<\/h4>\n\r\n                            <\/div>\r\n            <\/div><\/div><\/div><div class=\"wpb_column vc_column_container vc_col-sm-12 vc_col-md-7\"><div class=\"vc_column-inner\"><div class=\"wpb_wrapper\">            <div class=\"text-box wow fadeIn\" data-wow-delay=\"0.01s\">\r\n                <p>D'interiors stands out with its solutions that make a difference in the field of interior architecture in Ankara and make your dreams come true. We present you with creative and bold designs that make you feel comfortable, free and happy.<\/p>\n<p class=\"translation-block\">As D'interiors, we not only offer aesthetic and functional interior designs but also manage your entire construction process. We are together with you in the whole process from the design to the completion of the construction with the turnkey services we offer in the fields of interior architecture, construction, project, and design in Ankara.<\/p>\n<p>Therefore, we create 'ideal' spaces with designs that create harmony by combining colors and various elements in interior architecture projects.<\/p>\n<p class=\"translation-block\">As a prominent company in Ankara's interior architecture scene, we specialize in crafting bespoke design solutions that align with the distinct preferences and requirements of our clients, solidifying our reputation as a top choice in the field of interior architecture in Ankara.<\/p>\n\r\n                            <\/div>\r\n            <\/div><\/div><\/div><\/div><\/div><\/div><\/div><\/div><div class=\"vc_row-full-width vc_clearfix\"><\/div><\/div><\/section><div class=\"vc_row wpb_row vc_row-fluid vc_custom_1710161112672\"><div class=\"wpb_column vc_column_container vc_col-sm-12\"><div class=\"vc_column-inner\"><div class=\"wpb_wrapper\">            <figure class=\"image-box\" >\r\n\r\n             \r\n                                            <img decoding=\"async\" src=\"https:\/\/dinnteriors.com\/wp-content\/uploads\/2024\/03\/wave.svg\" alt=\"\">\r\n                                        <\/figure>\r\n            \r\n            <\/div><\/div><\/div><\/div><section class=\"content-section\" ><div class=\"container\"><div class=\"vc_row wpb_row vc_row-fluid\"><div class=\"wpb_column vc_column_container vc_col-sm-12\"><div class=\"vc_column-inner\"><div class=\"wpb_wrapper\">\r\n            <div class=\"section-title  wow fadeIn\" >\r\n                            <h6>Turn Your Dreams into Reality<\/h6>\r\n            \r\n                            <h2 data-text=\"D&#039;interiors\">Our Projects<\/h2>\r\n                        <\/div>\r\n            \r\n<div class=\"vc_grid-container-wrapper vc_clearfix vc_grid-animation-zoomIn\">\r\n\t<div class=\"vc_grid-container vc_clearfix wpb_content_element vc_masonry_media_grid\" data-initial-loading-animation=\"zoomIn\" data-vc-grid-settings=\"{&quot;page_id&quot;:1824,&quot;style&quot;:&quot;all-masonry&quot;,&quot;action&quot;:&quot;vc_get_vc_grid_data&quot;,&quot;shortcode_id&quot;:&quot;1743084692992-2a445567-5625-0&quot;,&quot;tag&quot;:&quot;vc_masonry_media_grid&quot;}\" data-vc-request=\"https:\/\/dinnteriors.com\/wp-admin\/admin-ajax.php\" data-vc-post-id=\"1824\" data-vc-public-nonce=\"18ab266c1e\">\r\n\t\t\r\n\t<\/div>\r\n<\/div><\/div><\/div><\/div><\/div><\/div><\/section><section class=\"content-section noise bg-image\" style=\"background: url(https:\/\/dinnteriors.com\/wp-content\/uploads\/2024\/03\/Untitled-design.svg) center no-repeat; \"><div class=\"container\"><div class=\"vc_row wpb_row vc_row-fluid\"><div class=\"wpb_column vc_column_container vc_col-sm-12\"><div class=\"vc_column-inner\"><div class=\"wpb_wrapper\">\r\n            <div class=\"section-title  wow fadeIn\" >\r\n            \r\n                            <h2 data-text=\"D&#039;interiors\">Are you ready to make your dreams come true?<\/h2>\r\n                        <\/div>\r\n                        <div class=\"text-box\" >\r\n                <h4 style=\"text-align: left;\">WE ARE HAPPY TO WORK TOGETHER WITH OUR CUSTOMERS IN THE TURN-KEY AND RESTORATION PROJECTS WE CARRY OUT DILLIGENTLY IN THE FIELD OF INTERIOR ARCHITECTURE IN ANKARA. CONTACT US TO DISCOVER OUR UNIQUE AND CREATIVE INTERIOR ARCHITECTURE SOLUTIONS.<\/h4>\n\r\n                                    <div class=\"custom-link\">\r\n                        <a href=\"https:\/\/dinnteriors.com\/en\/iletisim\/\"\r\n                           title=\"CONTACT US\">\r\n                            <div class=\"lines\"><span><\/span> <span><\/span><\/div>\r\n                            <b>CONTACT US<\/b>\r\n                        <\/a>\r\n                    <\/div>\r\n                                <\/div>\r\n            <\/div><\/div><\/div><\/div><\/div><\/section><section class=\"content-section pattern\" ><div class=\"container\"><div class=\"vc_row wpb_row vc_row-fluid\"><div class=\"wpb_column vc_column_container vc_col-sm-12\"><div class=\"vc_column-inner\"><div class=\"wpb_wrapper\">\r\n            <div class=\"section-title  wow fadeIn\" >\r\n            \r\n                            <h2 data-text=\"D&#039;interiors\">M\u00fc\u015fteri Memnuniyeti<\/h2>\r\n                        <\/div>\r\n                        <div class=\"text-box\" >\r\n                <h4 style=\"text-align: left;\">As D'interiors, customer satisfaction is our top priority. We are creating distinctive projects in the field of interior architecture in Ankara.<\/h4>\n\r\n                                    <div class=\"custom-link\">\r\n                        <a href=\"https:\/\/dinnteriors.com\/en\/iletisim\/\"\r\n                           title=\"CONTACT US\">\r\n                            <div class=\"lines\"><span><\/span> <span><\/span><\/div>\r\n                            <b>CONTACT US<\/b>\r\n                        <\/a>\r\n                    <\/div>\r\n                                <\/div>\r\n            <\/div><\/div><\/div><\/div><\/div><\/section><section class=\"content-section pattern\" ><div class=\"container\"><div class=\"vc_row wpb_row vc_row-fluid\"><div class=\"wpb_column vc_column_container vc_col-sm-12 vc_hidden-lg vc_col-md-5 vc_hidden-md vc_hidden-sm vc_hidden-xs\"><div class=\"vc_column-inner\"><div class=\"wpb_wrapper\">\r\n            <div class=\"section-title  wow fadeIn\" >\r\n                            <h6>REVIEW<\/h6>\r\n            \r\n                            <h2 >References<\/h2>\r\n                        <\/div>\r\n                        <div class=\"text-box wow fadeIn\" >\r\n                <p><strong>As D'interiors, customer satisfaction is our top priority. We are creating distinctive projects in the field of interior architecture in Ankara.<\/strong><\/p>\n\r\n                                    <div class=\"custom-link wow fadeIn\">\r\n                        <a href=\"https:\/\/dinnteriors.com\/en\/iletisim\/\"\r\n                           title=\"CONTACT US\">\r\n                            <div class=\"lines\"><span><\/span> <span><\/span><\/div>\r\n                            <b>CONTACT US<\/b>\r\n                        <\/a>\r\n                    <\/div>\r\n                                <\/div>\r\n            <\/div><\/div><\/div><div class=\"wpb_column vc_column_container vc_col-sm-12 vc_hidden-lg vc_col-md-7 vc_hidden-md vc_hidden-sm vc_hidden-xs\"><div class=\"vc_column-inner\"><div class=\"wpb_wrapper\"><div class=\"vc_empty_space\"   style=\"height: 40px\"><span class=\"vc_empty_space_inner\"><\/span><\/div>\r\n\t<div class=\"wpb_raw_code wpb_content_element wpb_raw_html\" >\r\n\t\t<div class=\"wpb_wrapper\">\r\n\t\t\t<div class=\"reference-container\">\n  <div class=\"reference-box\">\n    <div class=\"reference-title\">HACETTEPE \u00dcN\u0130VERS\u0130TES\u0130 HASTANES\u0130<\/div>\n  <\/div>\n  <div class=\"reference-box\">\n    <div class=\"reference-title\">T\u00dcMER ONARAN \u0130\u00c7 M\u0130MARLIK<\/div>\n  <\/div>\n  <div class=\"reference-box\">\n    <div class=\"reference-title\">PROF.DR ERS\u0130N TAN<\/div>\n  <\/div>\n  <div class=\"reference-box\">\n    <div class=\"reference-title\">PRO-FIT NE\u015eET G\u00dcNE<\/div>\n  <\/div>\n  <div class=\"reference-box\">\n    <div class=\"reference-title\">L\u0130MAK HOLD\u0130NG<\/div>\n  <\/div>\n  <div class=\"reference-box\">\n    <div class=\"reference-title\">R\u00d6NESANS HOLD\u0130NG<\/div>\n  <\/div>\n  <div class=\"reference-box\">\n    <div class=\"reference-title\">CENG\u0130Z HOLD\u0130NG<\/div>\n  <\/div>\n  <div class=\"reference-box\">\n    <div class=\"reference-title\">KOL\u0130N \u0130N\u015eAAT<\/div>\n  <\/div>\n  <div class=\"reference-box\">\n    <div class=\"reference-title\">RBK \u0130N\u015eAAT A.\u015e<\/div>\n  <\/div>\n  <div class=\"reference-box\">\n    <div class=\"reference-title\">PHARM\u0130NAL \u0130LA\u00c7<\/div>\n  <\/div>\n  <div class=\"reference-box\">\n    <div class=\"reference-title\">PHARMETH\u0130CA \u0130LA\u00c7<\/div>\n  <\/div>\n  <div class=\"reference-box\">\n    <div class=\"reference-title\">NESS \u0130LET\u0130\u015e\u0130M<\/div>\n  <\/div>\n  <div class=\"reference-box\">\n    <div class=\"reference-title\">ANT YAPI<\/div>\n  <\/div>\n  <div class=\"reference-box\">\n    <div class=\"reference-title\">L\u0130MAK AMBASSADORE HOTEL<\/div>\n  <\/div>\n  <div class=\"reference-box\">\n    <div class=\"reference-title\">ANT HAVEN<\/div>\n  <\/div>\n  <div class=\"reference-box\">\n    <div class=\"reference-title\">B\u0130LKENT \u00dcN\u0130VERS\u0130TES\u0130<\/div>\n  <\/div>\n  <div class=\"reference-box\">\n    <div class=\"reference-title\">TED ANKARA KOLEJ\u0130<\/div>\n  <\/div>\n  <div class=\"reference-box\">\n    <div class=\"reference-title\">R\u00d6NESANS NEVA KONAKLARI<\/div>\n  <\/div>\n  <div class=\"reference-box\">\n    <div class=\"reference-title\">PANORA AVM<\/div>\n  <\/div>\n<\/div>\n\r\n\t\t<\/div>\r\n\t<\/div>\r\n<\/div><\/div><\/div><\/div><\/div><\/section><\/section>\n<\/section>","protected":false},"excerpt":{"rendered":"Hayallerinizi Ger\u00e7e\u011fe D\u00f6n\u00fc\u015ft\u00fcr\u00fcn D'interiors Ankara \u0130\u00e7 Mimarl\u0131k Ofisi Estetik, Cesaret ve Yarat\u0131c\u0131l\u0131\u011f\u0131n Bulu\u015fmas\u0131 D'interiors, Ankara'da i\u00e7 mimarl\u0131k alan\u0131nda fark yaratan ve hayallerinizi ger\u00e7ekle\u015ftiren \u00e7\u00f6z\u00fcmleriyle \u00f6ne \u00e7\u0131k\u0131yor. Kendinizi rahat, \u00f6zg\u00fcr ve mutlu hissetmenizi sa\u011flayan yarat\u0131c\u0131 ve cesur tasar\u0131mlarla ortaya koyuyoruz. D'interiors olarak, sadece estetik ve fonksiyonel i\u00e7 mekan tasar\u0131mlar\u0131 sunmakla kalm\u0131yor, ayn\u0131 zamanda t\u00fcm in\u015faat s\u00fcrecinizi [...]","protected":false},"author":1,"featured_media":0,"parent":0,"menu_order":0,"comment_status":"closed","ping_status":"closed","template":"page-builder.php","meta":{"_coblocks_attr":"","_coblocks_dimensions":"","_coblocks_responsive_height":"","_coblocks_accordion_ie_support":"","footnotes":""},"class_list":["post-1824","page","type-page","status-publish","hentry"],"yoast_head":"<!-- This site is optimized with the Yoast SEO plugin v27.3 - https:\/\/yoast.com\/product\/yoast-seo-wordpress\/ -->\n<title>D&#039;interiors - Ankara \u0130\u00e7 Mimarl\u0131k Ofisi, \u0130n\u015faat, Proje, Tasar\u0131m<\/title>\n<meta name=\"description\" content=\"Ankara merkezli i\u00e7 mimarl\u0131k ofisi D&#039;interiors, \u00f6zg\u00fcn tasar\u0131mlar\u0131 ve yarat\u0131c\u0131 \u00e7\u00f6z\u00fcmleriyle evden ofise her mekana hayat veriyor.\" \/>\n<meta name=\"robots\" content=\"index, follow, max-snippet:-1, max-image-preview:large, max-video-preview:-1\" \/>\n<link rel=\"canonical\" href=\"https:\/\/dinnteriors.com\/en\/\" \/>\n<meta property=\"og:locale\" content=\"en_US\" \/>\n<meta property=\"og:type\" content=\"article\" \/>\n<meta property=\"og:title\" content=\"D&#039;interiors - Ankara \u0130\u00e7 Mimarl\u0131k Ofisi, \u0130n\u015faat, Proje, Tasar\u0131m\" \/>\n<meta property=\"og:description\" content=\"Ankara merkezli i\u00e7 mimarl\u0131k ofisi D&#039;interiors, \u00f6zg\u00fcn tasar\u0131mlar\u0131 ve yarat\u0131c\u0131 \u00e7\u00f6z\u00fcmleriyle evden ofise her mekana hayat veriyor.\" \/>\n<meta property=\"og:url\" content=\"https:\/\/dinnteriors.com\/en\/\" \/>\n<meta property=\"og:site_name\" content=\"D&#039;interiors\" \/>\n<meta property=\"article:modified_time\" content=\"2025-03-27T14:11:54+00:00\" \/>\n<meta name=\"twitter:card\" content=\"summary_large_image\" \/>\n<meta name=\"twitter:label1\" content=\"Est. reading time\" \/>\n\t<meta name=\"twitter:data1\" content=\"2 minutes\" \/>\n<script type=\"application\/ld+json\" class=\"yoast-schema-graph\">{\"@context\":\"https:\\\/\\\/schema.org\",\"@graph\":[{\"@type\":\"WebPage\",\"@id\":\"https:\\\/\\\/dinnteriors.com\\\/\",\"url\":\"https:\\\/\\\/dinnteriors.com\\\/\",\"name\":\"D&#039;interiors - Ankara \u0130\u00e7 Mimarl\u0131k Ofisi, \u0130n\u015faat, Proje, Tasar\u0131m\",\"isPartOf\":{\"@id\":\"https:\\\/\\\/dinnteriors.com\\\/#website\"},\"datePublished\":\"2019-03-03T05:27:02+00:00\",\"dateModified\":\"2025-03-27T14:11:54+00:00\",\"description\":\"Ankara merkezli i\u00e7 mimarl\u0131k ofisi D'interiors, \u00f6zg\u00fcn tasar\u0131mlar\u0131 ve yarat\u0131c\u0131 \u00e7\u00f6z\u00fcmleriyle evden ofise her mekana hayat veriyor.\",\"breadcrumb\":{\"@id\":\"https:\\\/\\\/dinnteriors.com\\\/#breadcrumb\"},\"inLanguage\":\"en-US\",\"potentialAction\":[{\"@type\":\"ReadAction\",\"target\":[\"https:\\\/\\\/dinnteriors.com\\\/\"]}]},{\"@type\":\"BreadcrumbList\",\"@id\":\"https:\\\/\\\/dinnteriors.com\\\/#breadcrumb\",\"itemListElement\":[{\"@type\":\"ListItem\",\"position\":1,\"name\":\"Home\",\"item\":\"https:\\\/\\\/dinnteriors.com\\\/\"},{\"@type\":\"ListItem\",\"position\":2,\"name\":\"ANASAYFA\"}]},{\"@type\":\"WebSite\",\"@id\":\"https:\\\/\\\/dinnteriors.com\\\/#website\",\"url\":\"https:\\\/\\\/dinnteriors.com\\\/\",\"name\":\"D'interiors\",\"description\":\"Ankara \u0130\u00e7 Mimarl\u0131k &amp; \u0130n\u015faat &amp; Proje &amp; Tasar\u0131m\",\"potentialAction\":[{\"@type\":\"SearchAction\",\"target\":{\"@type\":\"EntryPoint\",\"urlTemplate\":\"https:\\\/\\\/dinnteriors.com\\\/?s={search_term_string}\"},\"query-input\":{\"@type\":\"PropertyValueSpecification\",\"valueRequired\":true,\"valueName\":\"search_term_string\"}}],\"inLanguage\":\"en-US\"}]}<\/script>\n<!-- \/ Yoast SEO plugin. -->","yoast_head_json":{"title":"D&#039;interiors - Ankara \u0130\u00e7 Mimarl\u0131k Ofisi, \u0130n\u015faat, Proje, Tasar\u0131m","description":"Ankara merkezli i\u00e7 mimarl\u0131k ofisi D'interiors, \u00f6zg\u00fcn tasar\u0131mlar\u0131 ve yarat\u0131c\u0131 \u00e7\u00f6z\u00fcmleriyle evden ofise her mekana hayat veriyor.","robots":{"index":"index","follow":"follow","max-snippet":"max-snippet:-1","max-image-preview":"max-image-preview:large","max-video-preview":"max-video-preview:-1"},"canonical":"https:\/\/dinnteriors.com\/en\/","og_locale":"en_US","og_type":"article","og_title":"D&#039;interiors - Ankara \u0130\u00e7 Mimarl\u0131k Ofisi, \u0130n\u015faat, Proje, Tasar\u0131m","og_description":"Ankara merkezli i\u00e7 mimarl\u0131k ofisi D'interiors, \u00f6zg\u00fcn tasar\u0131mlar\u0131 ve yarat\u0131c\u0131 \u00e7\u00f6z\u00fcmleriyle evden ofise her mekana hayat veriyor.","og_url":"https:\/\/dinnteriors.com\/en\/","og_site_name":"D&#039;interiors","article_modified_time":"2025-03-27T14:11:54+00:00","twitter_card":"summary_large_image","twitter_misc":{"Est. reading time":"2 minutes"},"schema":{"@context":"https:\/\/schema.org","@graph":[{"@type":"WebPage","@id":"https:\/\/dinnteriors.com\/","url":"https:\/\/dinnteriors.com\/","name":"D&#039;interiors - Ankara \u0130\u00e7 Mimarl\u0131k Ofisi, \u0130n\u015faat, Proje, Tasar\u0131m","isPartOf":{"@id":"https:\/\/dinnteriors.com\/#website"},"datePublished":"2019-03-03T05:27:02+00:00","dateModified":"2025-03-27T14:11:54+00:00","description":"Ankara merkezli i\u00e7 mimarl\u0131k ofisi D'interiors, \u00f6zg\u00fcn tasar\u0131mlar\u0131 ve yarat\u0131c\u0131 \u00e7\u00f6z\u00fcmleriyle evden ofise her mekana hayat veriyor.","breadcrumb":{"@id":"https:\/\/dinnteriors.com\/#breadcrumb"},"inLanguage":"en-US","potentialAction":[{"@type":"ReadAction","target":["https:\/\/dinnteriors.com\/"]}]},{"@type":"BreadcrumbList","@id":"https:\/\/dinnteriors.com\/#breadcrumb","itemListElement":[{"@type":"ListItem","position":1,"name":"Home","item":"https:\/\/dinnteriors.com\/"},{"@type":"ListItem","position":2,"name":"ANASAYFA"}]},{"@type":"WebSite","@id":"https:\/\/dinnteriors.com\/#website","url":"https:\/\/dinnteriors.com\/","name":"D'interiors","description":"Ankara \u0130\u00e7 Mimarl\u0131k &amp; \u0130n\u015faat &amp; Proje &amp; Tasar\u0131m","potentialAction":[{"@type":"SearchAction","target":{"@type":"EntryPoint","urlTemplate":"https:\/\/dinnteriors.com\/?s={search_term_string}"},"query-input":{"@type":"PropertyValueSpecification","valueRequired":true,"valueName":"search_term_string"}}],"inLanguage":"en-US"}]}},"_links":{"self":[{"href":"https:\/\/dinnteriors.com\/en\/wp-json\/wp\/v2\/pages\/1824","targetHints":{"allow":["GET"]}}],"collection":[{"href":"https:\/\/dinnteriors.com\/en\/wp-json\/wp\/v2\/pages"}],"about":[{"href":"https:\/\/dinnteriors.com\/en\/wp-json\/wp\/v2\/types\/page"}],"author":[{"embeddable":true,"href":"https:\/\/dinnteriors.com\/en\/wp-json\/wp\/v2\/users\/1"}],"replies":[{"embeddable":true,"href":"https:\/\/dinnteriors.com\/en\/wp-json\/wp\/v2\/comments?post=1824"}],"version-history":[{"count":0,"href":"https:\/\/dinnteriors.com\/en\/wp-json\/wp\/v2\/pages\/1824\/revisions"}],"wp:attachment":[{"href":"https:\/\/dinnteriors.com\/en\/wp-json\/wp\/v2\/media?parent=1824"}],"curies":[{"name":"wp","href":"https:\/\/api.w.org\/{rel}","templated":true}]}}