{"id":1905,"date":"2019-03-03T10:47:11","date_gmt":"2019-03-03T10:47:11","guid":{"rendered":"http:\/\/brabus.local\/contact-us-copy\/"},"modified":"2023-07-07T12:24:22","modified_gmt":"2023-07-07T12:24:22","slug":"projeler","status":"publish","type":"page","link":"https:\/\/dinnteriors.com\/en\/projeler\/","title":{"rendered":"PROJECTS"},"content":{"rendered":"<section class=\"wpb-content-wrapper\"><div class=\"container\"><div class=\"vc_row wpb_row vc_row-fluid\"><div class=\"wpb_column vc_column_container vc_col-sm-12\"><div class=\"vc_column-inner\"><div class=\"wpb_wrapper\"><div class=\"vc_empty_space\"   style=\"height: 42px\"><span class=\"vc_empty_space_inner\"><\/span><\/div>\r\n            <div class=\"section-title  wow fadeIn\" >\r\n                            <h6>Turn Your Dreams into Reality<\/h6>\r\n            \r\n                            <h2 data-text=\"Projeler\">PROJELER\u0130M\u0130ZDEN \u00d6RNEKLER<\/h2>\r\n                        <\/div>\r\n            <\/div><\/div><\/div><\/div><\/div>\n<\/section>","protected":false},"excerpt":{"rendered":"Hayallerinizi Ger\u00e7e\u011fe D\u00f6n\u00fc\u015ft\u00fcr\u00fcn PROJELER\u0130M\u0130ZDEN \u00d6RNEKLER","protected":false},"author":1,"featured_media":0,"parent":0,"menu_order":0,"comment_status":"closed","ping_status":"closed","template":"page-portfolio.php","meta":{"_coblocks_attr":"","_coblocks_dimensions":"","_coblocks_responsive_height":"","_coblocks_accordion_ie_support":"","footnotes":""},"class_list":["post-1905","page","type-page","status-publish","hentry"],"yoast_head":"<!-- This site is optimized with the Yoast SEO plugin v27.3 - https:\/\/yoast.com\/product\/yoast-seo-wordpress\/ -->\n<title>PROJELER - D&#039;interiors<\/title>\n<meta name=\"robots\" content=\"index, follow, max-snippet:-1, max-image-preview:large, max-video-preview:-1\" \/>\n<link rel=\"canonical\" href=\"https:\/\/dinnteriors.com\/en\/projeler\/\" \/>\n<meta property=\"og:locale\" content=\"en_US\" \/>\n<meta property=\"og:type\" content=\"article\" \/>\n<meta property=\"og:title\" content=\"PROJELER - D&#039;interiors\" \/>\n<meta property=\"og:url\" content=\"https:\/\/dinnteriors.com\/en\/projeler\/\" \/>\n<meta property=\"og:site_name\" content=\"D&#039;interiors\" \/>\n<meta property=\"article:modified_time\" content=\"2023-07-07T12:24:22+00:00\" \/>\n<meta name=\"twitter:card\" content=\"summary_large_image\" \/>\n<script type=\"application\/ld+json\" class=\"yoast-schema-graph\">{\"@context\":\"https:\\\/\\\/schema.org\",\"@graph\":[{\"@type\":\"WebPage\",\"@id\":\"https:\\\/\\\/dinnteriors.com\\\/projeler\\\/\",\"url\":\"https:\\\/\\\/dinnteriors.com\\\/projeler\\\/\",\"name\":\"PROJELER - D&#039;interiors\",\"isPartOf\":{\"@id\":\"https:\\\/\\\/dinnteriors.com\\\/#website\"},\"datePublished\":\"2019-03-03T10:47:11+00:00\",\"dateModified\":\"2023-07-07T12:24:22+00:00\",\"breadcrumb\":{\"@id\":\"https:\\\/\\\/dinnteriors.com\\\/projeler\\\/#breadcrumb\"},\"inLanguage\":\"en-US\",\"potentialAction\":[{\"@type\":\"ReadAction\",\"target\":[\"https:\\\/\\\/dinnteriors.com\\\/projeler\\\/\"]}]},{\"@type\":\"BreadcrumbList\",\"@id\":\"https:\\\/\\\/dinnteriors.com\\\/projeler\\\/#breadcrumb\",\"itemListElement\":[{\"@type\":\"ListItem\",\"position\":1,\"name\":\"Home\",\"item\":\"https:\\\/\\\/dinnteriors.com\\\/\"},{\"@type\":\"ListItem\",\"position\":2,\"name\":\"PROJELER\"}]},{\"@type\":\"WebSite\",\"@id\":\"https:\\\/\\\/dinnteriors.com\\\/#website\",\"url\":\"https:\\\/\\\/dinnteriors.com\\\/\",\"name\":\"D'interiors\",\"description\":\"Ankara \u0130\u00e7 Mimarl\u0131k &amp; \u0130n\u015faat &amp; Proje &amp; Tasar\u0131m\",\"potentialAction\":[{\"@type\":\"SearchAction\",\"target\":{\"@type\":\"EntryPoint\",\"urlTemplate\":\"https:\\\/\\\/dinnteriors.com\\\/?s={search_term_string}\"},\"query-input\":{\"@type\":\"PropertyValueSpecification\",\"valueRequired\":true,\"valueName\":\"search_term_string\"}}],\"inLanguage\":\"en-US\"}]}<\/script>\n<!-- \/ Yoast SEO plugin. -->","yoast_head_json":{"title":"PROJELER - D&#039;interiors","robots":{"index":"index","follow":"follow","max-snippet":"max-snippet:-1","max-image-preview":"max-image-preview:large","max-video-preview":"max-video-preview:-1"},"canonical":"https:\/\/dinnteriors.com\/en\/projeler\/","og_locale":"en_US","og_type":"article","og_title":"PROJELER - D&#039;interiors","og_url":"https:\/\/dinnteriors.com\/en\/projeler\/","og_site_name":"D&#039;interiors","article_modified_time":"2023-07-07T12:24:22+00:00","twitter_card":"summary_large_image","schema":{"@context":"https:\/\/schema.org","@graph":[{"@type":"WebPage","@id":"https:\/\/dinnteriors.com\/projeler\/","url":"https:\/\/dinnteriors.com\/projeler\/","name":"PROJELER - D&#039;interiors","isPartOf":{"@id":"https:\/\/dinnteriors.com\/#website"},"datePublished":"2019-03-03T10:47:11+00:00","dateModified":"2023-07-07T12:24:22+00:00","breadcrumb":{"@id":"https:\/\/dinnteriors.com\/projeler\/#breadcrumb"},"inLanguage":"en-US","potentialAction":[{"@type":"ReadAction","target":["https:\/\/dinnteriors.com\/projeler\/"]}]},{"@type":"BreadcrumbList","@id":"https:\/\/dinnteriors.com\/projeler\/#breadcrumb","itemListElement":[{"@type":"ListItem","position":1,"name":"Home","item":"https:\/\/dinnteriors.com\/"},{"@type":"ListItem","position":2,"name":"PROJELER"}]},{"@type":"WebSite","@id":"https:\/\/dinnteriors.com\/#website","url":"https:\/\/dinnteriors.com\/","name":"D'interiors","description":"Ankara \u0130\u00e7 Mimarl\u0131k &amp; \u0130n\u015faat &amp; Proje &amp; Tasar\u0131m","potentialAction":[{"@type":"SearchAction","target":{"@type":"EntryPoint","urlTemplate":"https:\/\/dinnteriors.com\/?s={search_term_string}"},"query-input":{"@type":"PropertyValueSpecification","valueRequired":true,"valueName":"search_term_string"}}],"inLanguage":"en-US"}]}},"_links":{"self":[{"href":"https:\/\/dinnteriors.com\/en\/wp-json\/wp\/v2\/pages\/1905","targetHints":{"allow":["GET"]}}],"collection":[{"href":"https:\/\/dinnteriors.com\/en\/wp-json\/wp\/v2\/pages"}],"about":[{"href":"https:\/\/dinnteriors.com\/en\/wp-json\/wp\/v2\/types\/page"}],"author":[{"embeddable":true,"href":"https:\/\/dinnteriors.com\/en\/wp-json\/wp\/v2\/users\/1"}],"replies":[{"embeddable":true,"href":"https:\/\/dinnteriors.com\/en\/wp-json\/wp\/v2\/comments?post=1905"}],"version-history":[{"count":0,"href":"https:\/\/dinnteriors.com\/en\/wp-json\/wp\/v2\/pages\/1905\/revisions"}],"wp:attachment":[{"href":"https:\/\/dinnteriors.com\/en\/wp-json\/wp\/v2\/media?parent=1905"}],"curies":[{"name":"wp","href":"https:\/\/api.w.org\/{rel}","templated":true}]}}