{"id":2099,"date":"2019-03-29T14:40:52","date_gmt":"2019-03-29T14:40:52","guid":{"rendered":"https:\/\/brabus.themeshop.co\/home-copy\/"},"modified":"2019-03-29T14:40:52","modified_gmt":"2019-03-29T14:40:52","slug":"home-video","status":"publish","type":"page","link":"https:\/\/dinnteriors.com\/en\/home-video\/","title":{"rendered":"HOME VIDEO"},"content":{"rendered":"<section class=\"wpb-content-wrapper\"><section class=\"content-section no-spacing\" ><div class=\"vc_row wpb_row vc_row-fluid\"><div class=\"wpb_column vc_column_container vc_col-sm-12\"><div class=\"vc_column-inner\"><div class=\"wpb_wrapper\">                        <header class=\"header hero-header\">\r\n                                                                <aside class=\"left-side\">\r\n                                        <ul>\r\n                                                                                            <li><a href=\"https:\/\/www.instagram.com\/dinteriorss\/\"\r\n                                                       target=\"_blank\"\r\n                                                       title=\"INSTAGRAM\">INSTAGRAM<\/a>\r\n                                                <\/li>\r\n                                                                                    <\/ul>\r\n                                    <\/aside>\r\n                                                                                                <div class=\"scroll-down\">\r\n                                    <small>DISCOVER<\/small><span><\/span>\r\n                                <\/div>\r\n                            \r\n                            \r\n                            <div class=\"video-bg\">\r\n                                <video src=\"https:\/\/dinnteriors.com\/wp-content\/uploads\/2019\/02\/video2.mp4\" muted loop\r\n autoplay><\/video>\r\n                                <div class=\"container\">\r\n                                                                            <div class=\"tagline\"><span><\/span>\r\n                                            <h6>Transitions for a collected experiences<\/h6>\r\n                                        <\/div>\r\n                                    \r\n                                    <h1>\r\n                                        Awesome                                                                                    <br>\r\n                                            <span>Theme<\/span>\r\n                                                                            <\/h1>\r\n\r\n                                                                            <div class=\"slide-btn\">\r\n                                            <a href=\"#\"\r\n                                               title=\"BUY NOW\">\r\n                                                <div class=\"lines\"><span><\/span> <span><\/span><\/div>\r\n                                                <!-- end lines -->\r\n                                                <svg version=\"1.1\" xmlns=\"http:\/\/www.w3.org\/2000\/svg\"\r\n                                                     xmlns:xlink=\"http:\/\/www.w3.org\/1999\/xlink\" x=\"0px\" y=\"0px\"\r\n                                                     viewbox=\"0 0 104 104\" enable-background=\"new 0 0 104 104\"\r\n                                                     xml:space=\"preserve\">\r\n                    <circle class=\"video-play-circle\" fill=\"none\" stroke=\"#fff\" stroke-width=\"2\" stroke-miterlimit=\"1\"\r\n                            cx=\"52\" cy=\"52\" r=\"50\"\/>\r\n                  <\/svg>\r\n                                                <b>BUY NOW<\/b>\r\n                                            <\/a>\r\n                                        <\/div>\r\n                                                                    <\/div>\r\n                            <\/div>\r\n\r\n                        <\/header>\r\n                    <\/div><\/div><\/div><\/div><\/section><section class=\"content-section\" ><div class=\"container\"><div class=\"vc_row wpb_row vc_row-fluid\"><div class=\"wpb_column vc_column_container vc_col-sm-12\"><div class=\"vc_column-inner\"><div class=\"wpb_wrapper\">\r\n            <div class=\"section-title  wow fadeIn\" >\r\n                            <h6>SMOOTH INTERFACE INTERACTION<\/h6>\r\n            \r\n                            <h2 data-text=\"Digital\">Wireframe project User friendly interface<\/h2>\r\n                        <\/div>\r\n            <div class=\"vc_row wpb_row vc_inner vc_row-fluid\"><div class=\"wpb_column vc_column_container vc_col-sm-12 vc_col-md-5\"><div class=\"vc_column-inner\"><div class=\"wpb_wrapper\">            <div class=\"text-box wow fadeIn\" >\r\n                <h4>To create a powerful project once, a bit of luck is enough.<\/h4>\n\r\n                            <\/div>\r\n            <\/div><\/div><\/div><div class=\"wpb_column vc_column_container vc_col-sm-12 vc_col-md-7\"><div class=\"vc_column-inner\"><div class=\"wpb_wrapper\">            <div class=\"text-box wow fadeIn\" data-wow-delay=\"0.01s\">\r\n                <p>Thanks to our experience and expertise, we were entrusted with the development of a new website for <u>Araxia<\/u>\u2019s capital city, Riyadh, in collaboration with a well-recognized local agency.<\/p>\n<p>Design very few <strong>companies<\/strong> in the world have ventured on a project of such tremendous scope and complex<\/p>\n\r\n                                    <div class=\"custom-link wow fadeIn\">\r\n                        <a href=\"#\"\r\n                           title=\"READ TO LEARN\">\r\n                            <div class=\"lines\"><span><\/span> <span><\/span><\/div>\r\n                            <b>READ TO LEARN<\/b>\r\n                        <\/a>\r\n                    <\/div>\r\n                                <\/div>\r\n            <\/div><\/div><\/div><\/div><\/div><\/div><\/div><\/div><\/div><\/section><section class=\"content-section noise\" style=\"background-color: #000000;\"><div class=\"container\"><div class=\"vc_row wpb_row vc_row-fluid\"><div class=\"wpb_column vc_column_container vc_col-sm-12\"><div class=\"vc_column-inner\"><div class=\"wpb_wrapper\">\r\n            <div class=\"section-title  light  wow fadeIn\" >\r\n                            <h6>SMOOTH INTERFACE INTERACTION<\/h6>\r\n            \r\n                            <h2 >Creation of friendly web interface layout<\/h2>\r\n                        <\/div>\r\n            <div class=\"vc_row wpb_row vc_inner vc_row-fluid\"><div class=\"wpb_column vc_column_container vc_col-sm-6 vc_col-md-4\"><div class=\"vc_column-inner\"><div class=\"wpb_wrapper\">            <div class=\"service-box  light  wow fadeIn\" >\r\n                <div class=\"left\">\r\n                    <small>01<\/small><span><\/span>\r\n                <\/div>\r\n                <!-- end left -->\r\n                <div class=\"right\">\r\n                    <h4>STRATEGY<\/h4>\n<p>Creativity for us something<br \/>\npersonal.<\/p>\n<ul>\n<li>UX strategy<\/li>\n<li>Concept development<\/li>\n<li>Content strategy<\/li>\n<li>Online marketting<\/li>\n<li>User testing &amp; research<\/li>\n<\/ul>\n                <\/div>\r\n                <!-- end right -->\r\n            <\/div>\r\n            <\/div><\/div><\/div><div class=\"wpb_column vc_column_container vc_col-sm-6 vc_col-md-4\"><div class=\"vc_column-inner\"><div class=\"wpb_wrapper\">            <div class=\"service-box  light  wow fadeIn\" data-wow-delay=\"0.05s\">\r\n                <div class=\"left\">\r\n                    <small>02<\/small><span><\/span>\r\n                <\/div>\r\n                <!-- end left -->\r\n                <div class=\"right\">\r\n                    <h4>UI-UX LAYOUT<\/h4>\n<p>Creativity for us something<br \/>\npersonal.<\/p>\n<ul>\n<li>User Interface<\/li>\n<li>Prototype development<\/li>\n<li>Content strategy<\/li>\n<li>Online research<\/li>\n<li>Layout wireframe<\/li>\n<\/ul>\n                <\/div>\r\n                <!-- end right -->\r\n            <\/div>\r\n            <\/div><\/div><\/div><div class=\"wpb_column vc_column_container vc_col-sm-6 vc_col-md-4\"><div class=\"vc_column-inner\"><div class=\"wpb_wrapper\">            <div class=\"service-box  light  wow fadeIn\" data-wow-delay=\"0.10s\">\r\n                <div class=\"left\">\r\n                    <small>03<\/small><span><\/span>\r\n                <\/div>\r\n                <!-- end left -->\r\n                <div class=\"right\">\r\n                    <h4>BACK-END DEV<\/h4>\n<p>Creativity for us something<br \/>\npersonal.<\/p>\n<ul>\n<li>CMS Development<\/li>\n<li>Back-end Prototype<\/li>\n<li>Coding strategy<\/li>\n<li>Beta testing<\/li>\n<li>Page builder<\/li>\n<\/ul>\n                <\/div>\r\n                <!-- end right -->\r\n            <\/div>\r\n            <\/div><\/div><\/div><\/div><\/div><\/div><\/div><\/div><\/div><\/section><section class=\"content-section\" ><div class=\"container\"><div class=\"vc_row wpb_row vc_row-fluid\"><div class=\"wpb_column vc_column_container vc_col-sm-12\"><div class=\"vc_column-inner\"><div class=\"wpb_wrapper\">\r\n            <div class=\"section-title  wow fadeIn\" >\r\n                            <h6>SMOOTH INTERFACE INTERACTION<\/h6>\r\n            \r\n                            <h2 data-text=\"Works\">Our selected works and showcases<\/h2>\r\n                        <\/div>\r\n            \r\n                    <div class=\"portfolio-box wow fadeIn\" >\r\n                        <figure>\r\n                            <a href=\"https:\/\/dinnteriors.com\/en\/portfolio\/bk-evi\/\" title=\"B.K. HOUSE\">\r\n                                <img decoding=\"async\" src=\"https:\/\/dinnteriors.com\/wp-content\/uploads\/2019\/03\/dinteriors-ankara-ic-mimarlik.jpg\" alt=\"B.K. HOUSE\">\r\n                            <\/a>\r\n                        <\/figure>\r\n                        <div class=\"content-box\">\r\n                            <div class=\"inner\">\r\n                                                                <h3><span>B.K.<\/span>HOUSE<\/h3>\r\n                                <div class=\"custom-link\">\r\n                                    <a href=\"https:\/\/dinnteriors.com\/en\/portfolio\/bk-evi\/\" title=\"B.K. HOUSE\">\r\n                                        <div class=\"lines\"><span><\/span> <span><\/span><\/div>\r\n                                        <b>LEARN MORE<\/b>\r\n                                    <\/a>\r\n                                <\/div>\r\n                            <\/div>\r\n                        <\/div>\r\n                    <\/div>\r\n                \r\n                    <div class=\"portfolio-box wow fadeIn\" >\r\n                        <figure>\r\n                            <a href=\"https:\/\/dinnteriors.com\/en\/portfolio\/gzt-residence\/\" title=\"GZT RESIDANS\">\r\n                                <img decoding=\"async\" src=\"https:\/\/dinnteriors.com\/wp-content\/uploads\/2019\/03\/gzt-residence.jpg\" alt=\"GZT RESIDANS\">\r\n                            <\/a>\r\n                        <\/figure>\r\n                        <div class=\"content-box\">\r\n                            <div class=\"inner\">\r\n                                                                <h3><span>GZT <\/span>RESIDENCE<\/h3>\r\n                                <div class=\"custom-link\">\r\n                                    <a href=\"https:\/\/dinnteriors.com\/en\/portfolio\/gzt-residence\/\" title=\"GZT RESIDANS\">\r\n                                        <div class=\"lines\"><span><\/span> <span><\/span><\/div>\r\n                                        <b>LEARN MORE<\/b>\r\n                                    <\/a>\r\n                                <\/div>\r\n                            <\/div>\r\n                        <\/div>\r\n                    <\/div>\r\n                \r\n                    <div class=\"portfolio-box wow fadeIn\" >\r\n                        <figure>\r\n                            <a href=\"https:\/\/dinnteriors.com\/en\/portfolio\/met-residence\/\" title=\"MET RESIDANS\">\r\n                                <img decoding=\"async\" src=\"https:\/\/dinnteriors.com\/wp-content\/uploads\/2019\/03\/met-residence.jpg\" alt=\"MET RESIDANS\">\r\n                            <\/a>\r\n                        <\/figure>\r\n                        <div class=\"content-box\">\r\n                            <div class=\"inner\">\r\n                                                                <h3><span>MET<\/span>RESIDENCE<\/h3>\r\n                                <div class=\"custom-link\">\r\n                                    <a href=\"https:\/\/dinnteriors.com\/en\/portfolio\/met-residence\/\" title=\"MET RESIDANS\">\r\n                                        <div class=\"lines\"><span><\/span> <span><\/span><\/div>\r\n                                        <b>LEARN MORE<\/b>\r\n                                    <\/a>\r\n                                <\/div>\r\n                            <\/div>\r\n                        <\/div>\r\n                    <\/div>\r\n                <\/div><\/div><\/div><\/div><\/div><\/section><section class=\"content-section noise\" style=\"background-color: #01f7b6;\"><div class=\"container\"><div class=\"vc_row wpb_row vc_row-fluid\"><div class=\"wpb_column vc_column_container vc_col-sm-12\"><div class=\"vc_column-inner\"><div class=\"wpb_wrapper\">\r\n            <div class=\"section-title  wow fadeIn\" >\r\n                            <h6>START WORKING WITH US<\/h6>\r\n            \r\n                            <h2 data-text=\"Hire us\">So that's us. There's no<br \/>\nother way to put it.<\/h2>\r\n                        <\/div>\r\n            <div class=\"vc_row wpb_row vc_inner vc_row-fluid\"><div class=\"wpb_column vc_column_container vc_col-sm-12 vc_col-md-5\"><div class=\"vc_column-inner\"><div class=\"wpb_wrapper\">            <div class=\"text-box wow fadeIn\" >\r\n                <h4>DO YOU HAVE A PROJECT OPPORTUNITY, OR ARE YOU JUST A LOOKING TO GET CREATIVE SOLUTIONS?<\/h4>\n\r\n                                    <div class=\"custom-link wow fadeIn\">\r\n                        <a href=\"#\"\r\n                           title=\"GET STARTED\">\r\n                            <div class=\"lines\"><span><\/span> <span><\/span><\/div>\r\n                            <b>GET STARTED<\/b>\r\n                        <\/a>\r\n                    <\/div>\r\n                                <\/div>\r\n            <\/div><\/div><\/div><\/div><\/div><\/div><\/div><\/div><\/div><\/section><section class=\"content-section pattern\" ><div class=\"container\"><div class=\"vc_row wpb_row vc_row-fluid\"><div class=\"wpb_column vc_column_container vc_col-sm-12 vc_col-md-5\"><div class=\"vc_column-inner\"><div class=\"wpb_wrapper\">\r\n            <div class=\"section-title  wow fadeIn\" >\r\n                            <h6>START WORKING WITH US<\/h6>\r\n            \r\n                            <h2 >Our clients<\/h2>\r\n                        <\/div>\r\n                        <div class=\"text-box wow fadeIn\" >\r\n                <h4>Do you have a project opportunity, or are you just a looking to get creative solutions?<\/h4>\n\r\n                                    <div class=\"custom-link wow fadeIn\">\r\n                        <a href=\"#\"\r\n                           title=\"BE OUR CLIENT\">\r\n                            <div class=\"lines\"><span><\/span> <span><\/span><\/div>\r\n                            <b>BE OUR CLIENT<\/b>\r\n                        <\/a>\r\n                    <\/div>\r\n                                <\/div>\r\n            <\/div><\/div><\/div><div class=\"wpb_column vc_column_container vc_col-sm-12 vc_col-md-7\"><div class=\"vc_column-inner\"><div class=\"wpb_wrapper\"><div class=\"vc_empty_space\"   style=\"height: 40px\"><span class=\"vc_empty_space_inner\"><\/span><\/div><div class=\"vc_row wpb_row vc_inner vc_row-fluid\"><div class=\"wpb_column vc_column_container vc_col-sm-3 vc_col-xs-6\"><div class=\"vc_column-inner\"><div class=\"wpb_wrapper\">            <div class=\"client-box wow fadeIn\" data-wow-delay=\"0.1s\">\r\n                                    <img decoding=\"async\" src=\"https:\/\/dinnteriors.com\/wp-content\/uploads\/2019\/03\/logo01.png\" alt=\"ABSTER\">\r\n                    <small>ABSTER<\/small>\r\n                            <\/div>\r\n            <\/div><\/div><\/div><div class=\"wpb_column vc_column_container vc_col-sm-3 vc_col-xs-6\"><div class=\"vc_column-inner\"><div class=\"wpb_wrapper\">            <div class=\"client-box wow fadeIn\" data-wow-delay=\"0.1s\">\r\n                                    <img decoding=\"async\" src=\"https:\/\/dinnteriors.com\/wp-content\/uploads\/2019\/03\/logo02.png\" alt=\"LOKOMOTIVE\">\r\n                    <small>LOKOMOTIVE<\/small>\r\n                            <\/div>\r\n            <\/div><\/div><\/div><div class=\"wpb_column vc_column_container vc_col-sm-3 vc_col-xs-6\"><div class=\"vc_column-inner\"><div class=\"wpb_wrapper\">            <div class=\"client-box wow fadeIn\" data-wow-delay=\"0.1s\">\r\n                                    <img decoding=\"async\" src=\"https:\/\/dinnteriors.com\/wp-content\/uploads\/2019\/03\/logo03.png\" alt=\"BIRDIEST\">\r\n                    <small>BIRDIEST<\/small>\r\n                            <\/div>\r\n            <\/div><\/div><\/div><div class=\"wpb_column vc_column_container vc_col-sm-3 vc_col-xs-6\"><div class=\"vc_column-inner\"><div class=\"wpb_wrapper\">            <div class=\"client-box wow fadeIn\" data-wow-delay=\"0.1s\">\r\n                                    <img decoding=\"async\" src=\"https:\/\/dinnteriors.com\/wp-content\/uploads\/2019\/03\/logo04.png\" alt=\"PLOCSHA\">\r\n                    <small>PLOCSHA<\/small>\r\n                            <\/div>\r\n            <\/div><\/div><\/div><\/div><div class=\"vc_row wpb_row vc_inner vc_row-fluid\"><div class=\"wpb_column vc_column_container vc_col-sm-3 vc_col-xs-6\"><div class=\"vc_column-inner\"><div class=\"wpb_wrapper\">            <div class=\"client-box wow fadeIn\" data-wow-delay=\"0.1s\">\r\n                                    <img decoding=\"async\" src=\"https:\/\/dinnteriors.com\/wp-content\/uploads\/2019\/03\/logo05-1.png\" alt=\"NEWKY\">\r\n                    <small>NEWKY<\/small>\r\n                            <\/div>\r\n            <\/div><\/div><\/div><div class=\"wpb_column vc_column_container vc_col-sm-3 vc_col-xs-6\"><div class=\"vc_column-inner\"><div class=\"wpb_wrapper\">            <div class=\"client-box wow fadeIn\" data-wow-delay=\"0.1s\">\r\n                                    <img decoding=\"async\" src=\"https:\/\/dinnteriors.com\/wp-content\/uploads\/2019\/03\/logo06.png\" alt=\"HACHAPURY\">\r\n                    <small>HACHAPURY<\/small>\r\n                            <\/div>\r\n            <\/div><\/div><\/div><div class=\"wpb_column vc_column_container vc_col-sm-3 vc_col-xs-6\"><div class=\"vc_column-inner\"><div class=\"wpb_wrapper\">            <div class=\"client-box wow fadeIn\" data-wow-delay=\"0.1s\">\r\n                                    <img decoding=\"async\" src=\"https:\/\/dinnteriors.com\/wp-content\/uploads\/2019\/03\/logo02.png\" alt=\"LOKOMOTIVE\">\r\n                    <small>LOKOMOTIVE<\/small>\r\n                            <\/div>\r\n            <\/div><\/div><\/div><div class=\"wpb_column vc_column_container vc_col-sm-3 vc_col-xs-6\"><div class=\"vc_column-inner\"><div class=\"wpb_wrapper\">            <div class=\"client-box wow fadeIn\" data-wow-delay=\"0.1s\">\r\n                                    <img decoding=\"async\" src=\"https:\/\/dinnteriors.com\/wp-content\/uploads\/2019\/03\/logo05.png\" alt=\"NEWKY\">\r\n                    <small>NEWKY<\/small>\r\n                            <\/div>\r\n            <\/div><\/div><\/div><\/div><\/div><\/div><\/div><\/div><\/div><\/section>\n<\/section>","protected":false},"excerpt":{"rendered":"SMOOTH INTERFACE INTERACTION Hairling Glass Website design and development for Ukraine Kiev\u2019s capital city. Description Specialists who can take on any challenge in the sphere of web and mobile app development. Project Web design &amp; Mobile app Launch 2019 Semptember \ufeff Thanks for Watching","protected":false},"author":1,"featured_media":0,"parent":0,"menu_order":0,"comment_status":"closed","ping_status":"closed","template":"page-builder.php","meta":{"_coblocks_attr":"","_coblocks_dimensions":"","_coblocks_responsive_height":"","_coblocks_accordion_ie_support":"","footnotes":""},"class_list":["post-2099","page","type-page","status-publish","hentry"],"yoast_head":"<!-- This site is optimized with the Yoast SEO plugin v27.3 - https:\/\/yoast.com\/product\/yoast-seo-wordpress\/ -->\n<title>HOME VIDEO - D&#039;interiors<\/title>\n<meta name=\"robots\" content=\"index, follow, max-snippet:-1, max-image-preview:large, max-video-preview:-1\" \/>\n<link rel=\"canonical\" href=\"https:\/\/dinnteriors.com\/en\/home-video\/\" \/>\n<meta property=\"og:locale\" content=\"en_US\" \/>\n<meta property=\"og:type\" content=\"article\" \/>\n<meta property=\"og:title\" content=\"HOME VIDEO - D&#039;interiors\" \/>\n<meta property=\"og:url\" content=\"https:\/\/dinnteriors.com\/en\/home-video\/\" \/>\n<meta property=\"og:site_name\" content=\"D&#039;interiors\" \/>\n<meta name=\"twitter:card\" content=\"summary_large_image\" \/>\n<meta name=\"twitter:label1\" content=\"Est. reading time\" \/>\n\t<meta name=\"twitter:data1\" content=\"4 minutes\" \/>\n<script type=\"application\/ld+json\" class=\"yoast-schema-graph\">{\"@context\":\"https:\\\/\\\/schema.org\",\"@graph\":[{\"@type\":\"WebPage\",\"@id\":\"https:\\\/\\\/dinnteriors.com\\\/home-video\\\/\",\"url\":\"https:\\\/\\\/dinnteriors.com\\\/home-video\\\/\",\"name\":\"HOME VIDEO - D&#039;interiors\",\"isPartOf\":{\"@id\":\"https:\\\/\\\/dinnteriors.com\\\/#website\"},\"datePublished\":\"2019-03-29T14:40:52+00:00\",\"breadcrumb\":{\"@id\":\"https:\\\/\\\/dinnteriors.com\\\/home-video\\\/#breadcrumb\"},\"inLanguage\":\"en-US\",\"potentialAction\":[{\"@type\":\"ReadAction\",\"target\":[\"https:\\\/\\\/dinnteriors.com\\\/home-video\\\/\"]}]},{\"@type\":\"BreadcrumbList\",\"@id\":\"https:\\\/\\\/dinnteriors.com\\\/home-video\\\/#breadcrumb\",\"itemListElement\":[{\"@type\":\"ListItem\",\"position\":1,\"name\":\"Home\",\"item\":\"https:\\\/\\\/dinnteriors.com\\\/\"},{\"@type\":\"ListItem\",\"position\":2,\"name\":\"HOME VIDEO\"}]},{\"@type\":\"WebSite\",\"@id\":\"https:\\\/\\\/dinnteriors.com\\\/#website\",\"url\":\"https:\\\/\\\/dinnteriors.com\\\/\",\"name\":\"D'interiors\",\"description\":\"Ankara \u0130\u00e7 Mimarl\u0131k &amp; \u0130n\u015faat &amp; Proje &amp; Tasar\u0131m\",\"potentialAction\":[{\"@type\":\"SearchAction\",\"target\":{\"@type\":\"EntryPoint\",\"urlTemplate\":\"https:\\\/\\\/dinnteriors.com\\\/?s={search_term_string}\"},\"query-input\":{\"@type\":\"PropertyValueSpecification\",\"valueRequired\":true,\"valueName\":\"search_term_string\"}}],\"inLanguage\":\"en-US\"}]}<\/script>\n<!-- \/ Yoast SEO plugin. -->","yoast_head_json":{"title":"HOME VIDEO - D&#039;interiors","robots":{"index":"index","follow":"follow","max-snippet":"max-snippet:-1","max-image-preview":"max-image-preview:large","max-video-preview":"max-video-preview:-1"},"canonical":"https:\/\/dinnteriors.com\/en\/home-video\/","og_locale":"en_US","og_type":"article","og_title":"HOME VIDEO - D&#039;interiors","og_url":"https:\/\/dinnteriors.com\/en\/home-video\/","og_site_name":"D&#039;interiors","twitter_card":"summary_large_image","twitter_misc":{"Est. reading time":"4 minutes"},"schema":{"@context":"https:\/\/schema.org","@graph":[{"@type":"WebPage","@id":"https:\/\/dinnteriors.com\/home-video\/","url":"https:\/\/dinnteriors.com\/home-video\/","name":"HOME VIDEO - D&#039;interiors","isPartOf":{"@id":"https:\/\/dinnteriors.com\/#website"},"datePublished":"2019-03-29T14:40:52+00:00","breadcrumb":{"@id":"https:\/\/dinnteriors.com\/home-video\/#breadcrumb"},"inLanguage":"en-US","potentialAction":[{"@type":"ReadAction","target":["https:\/\/dinnteriors.com\/home-video\/"]}]},{"@type":"BreadcrumbList","@id":"https:\/\/dinnteriors.com\/home-video\/#breadcrumb","itemListElement":[{"@type":"ListItem","position":1,"name":"Home","item":"https:\/\/dinnteriors.com\/"},{"@type":"ListItem","position":2,"name":"HOME VIDEO"}]},{"@type":"WebSite","@id":"https:\/\/dinnteriors.com\/#website","url":"https:\/\/dinnteriors.com\/","name":"D'interiors","description":"Ankara \u0130\u00e7 Mimarl\u0131k &amp; \u0130n\u015faat &amp; Proje &amp; Tasar\u0131m","potentialAction":[{"@type":"SearchAction","target":{"@type":"EntryPoint","urlTemplate":"https:\/\/dinnteriors.com\/?s={search_term_string}"},"query-input":{"@type":"PropertyValueSpecification","valueRequired":true,"valueName":"search_term_string"}}],"inLanguage":"en-US"}]}},"_links":{"self":[{"href":"https:\/\/dinnteriors.com\/en\/wp-json\/wp\/v2\/pages\/2099","targetHints":{"allow":["GET"]}}],"collection":[{"href":"https:\/\/dinnteriors.com\/en\/wp-json\/wp\/v2\/pages"}],"about":[{"href":"https:\/\/dinnteriors.com\/en\/wp-json\/wp\/v2\/types\/page"}],"author":[{"embeddable":true,"href":"https:\/\/dinnteriors.com\/en\/wp-json\/wp\/v2\/users\/1"}],"replies":[{"embeddable":true,"href":"https:\/\/dinnteriors.com\/en\/wp-json\/wp\/v2\/comments?post=2099"}],"version-history":[{"count":0,"href":"https:\/\/dinnteriors.com\/en\/wp-json\/wp\/v2\/pages\/2099\/revisions"}],"wp:attachment":[{"href":"https:\/\/dinnteriors.com\/en\/wp-json\/wp\/v2\/media?parent=2099"}],"curies":[{"name":"wp","href":"https:\/\/api.w.org\/{rel}","templated":true}]}}