{"id":21,"date":"2023-07-04T14:12:58","date_gmt":"2023-07-04T14:12:58","guid":{"rendered":"http:\/\/www.dinnteriors.com\/about\/"},"modified":"2023-07-04T14:12:58","modified_gmt":"2023-07-04T14:12:58","slug":"about","status":"publish","type":"page","link":"https:\/\/dinnteriors.com\/en\/about\/","title":{"rendered":"About"},"content":{"rendered":"<h1 class=\"wp-block-heading has-text-align-center\">I&#8217;m Mark &#8211; Author, Speaker, Coach &amp; Life Strategist<\/h1>\n\n\n\n<div aria-label=\"Carousel Gallery\" class=\"wp-block-coblocks-gallery-carousel alignfull\"><div class=\"coblocks-gallery-carousel-swiper-container is-cropped coblocks-gallery has-caption-style-dark has-horizontal-gutter has-no-thumbnails\"><div class=\"has-carousel has-carousel-lrg swiper-container\" data-swiper=\"{&quot;alignCells&quot;:false,&quot;autoPlay&quot;:true,&quot;autoPlaySpeed&quot;:3000,&quot;draggable&quot;:true,&quot;freeMode&quot;:false,&quot;loop&quot;:true,&quot;navigation&quot;:false,&quot;pageDots&quot;:false,&quot;pauseHover&quot;:false,&quot;responsiveHeight&quot;:false,&quot;slidesPerView&quot;:2,&quot;thumbnails&quot;:false,&quot;uuid&quot;:&quot;12345&quot;}\" style=\"height:512px\"><div class=\"swiper-wrapper\"><div class=\"swiper-slide\"><div class=\"coblocks-gallery--item\" role=\"button\" tabindex=\"0\"><figure class=\"coblocks-gallery--figure has-margin-left-10 has-margin-right-10\"><img loading=\"lazy\" decoding=\"async\" width=\"1645\" height=\"1110\" alt=\"Image description\" class=\"wp-image-5\" data-id=\"5\" data-link=\"about-image-1\/\" src=\"http:\/\/www.dinnteriors.com\/wp-content\/uploads\/2023\/07\/about-image-1.jpg\" srcset=\"https:\/\/dinnteriors.com\/wp-content\/uploads\/2023\/07\/about-image-1.jpg 1645w, https:\/\/dinnteriors.com\/wp-content\/uploads\/2023\/07\/about-image-1-300x202.jpg 300w, https:\/\/dinnteriors.com\/wp-content\/uploads\/2023\/07\/about-image-1-1024x691.jpg 1024w, https:\/\/dinnteriors.com\/wp-content\/uploads\/2023\/07\/about-image-1-768x518.jpg 768w, https:\/\/dinnteriors.com\/wp-content\/uploads\/2023\/07\/about-image-1-1536x1036.jpg 1536w\" sizes=\"auto, (max-width: 1645px) 100vw, 1645px\" \/><\/figure><figcaption class=\"coblocks-gallery--caption coblocks-gallery--primary-caption\"><\/figcaption><\/div><\/div><div class=\"swiper-slide\"><div class=\"coblocks-gallery--item\" role=\"button\" tabindex=\"1\"><figure class=\"coblocks-gallery--figure has-margin-left-10 has-margin-right-10\"><img loading=\"lazy\" decoding=\"async\" width=\"1645\" height=\"1110\" alt=\"Image description\" class=\"wp-image-6\" data-id=\"6\" data-link=\"about-image-2\/\" src=\"http:\/\/www.dinnteriors.com\/wp-content\/uploads\/2023\/07\/about-image-2.jpg\" srcset=\"https:\/\/dinnteriors.com\/wp-content\/uploads\/2023\/07\/about-image-2.jpg 1645w, https:\/\/dinnteriors.com\/wp-content\/uploads\/2023\/07\/about-image-2-300x202.jpg 300w, https:\/\/dinnteriors.com\/wp-content\/uploads\/2023\/07\/about-image-2-1024x691.jpg 1024w, https:\/\/dinnteriors.com\/wp-content\/uploads\/2023\/07\/about-image-2-768x518.jpg 768w, https:\/\/dinnteriors.com\/wp-content\/uploads\/2023\/07\/about-image-2-1536x1036.jpg 1536w\" sizes=\"auto, (max-width: 1645px) 100vw, 1645px\" \/><\/figure><figcaption class=\"coblocks-gallery--caption coblocks-gallery--primary-caption\"><\/figcaption><\/div><\/div><div class=\"swiper-slide\"><div class=\"coblocks-gallery--item\" role=\"button\" tabindex=\"2\"><figure class=\"coblocks-gallery--figure has-margin-left-10 has-margin-right-10\"><img loading=\"lazy\" decoding=\"async\" width=\"1254\" height=\"711\" alt=\"Image description\" class=\"wp-image-7\" data-id=\"7\" data-link=\"about-image-3\/\" src=\"http:\/\/www.dinnteriors.com\/wp-content\/uploads\/2023\/07\/about-image-3.jpg\" srcset=\"https:\/\/dinnteriors.com\/wp-content\/uploads\/2023\/07\/about-image-3.jpg 1254w, https:\/\/dinnteriors.com\/wp-content\/uploads\/2023\/07\/about-image-3-300x170.jpg 300w, https:\/\/dinnteriors.com\/wp-content\/uploads\/2023\/07\/about-image-3-1024x581.jpg 1024w, https:\/\/dinnteriors.com\/wp-content\/uploads\/2023\/07\/about-image-3-768x435.jpg 768w\" sizes=\"auto, (max-width: 1254px) 100vw, 1254px\" \/><\/figure><figcaption class=\"coblocks-gallery--caption coblocks-gallery--primary-caption\"><\/figcaption><\/div><\/div><\/div><\/div><\/div><\/div>\n\n\n\n<p>As one of the world\u2019s most renowned motivational speakers, Mark helps folks achieve the best versions of themselves through his dynamically diverse speaking. As a premier keynote speaker, Mark engages people of all ages to &#8220;<em>make your mark<\/em>&#8221; on the world. <\/p>\n\n\n\n<p>Mark has founded Keynote, a company sparked to kindle hope and ignite empowerment among the next generation of leaders around around. Mark is absolutely committed to motivating this next generation to be high achievers as he introduces new audiences every day to strive for success.<\/p>\n\n\n\n<div class=\"wp-block-group alignwide\"><div class=\"wp-block-group__inner-container is-layout-flow wp-block-group-is-layout-flow\">\n<h2 class=\"wp-block-heading has-text-align-center\">&#8220;The ones who are crazy enough to think they can change the world, are the ones that do.&#8221;<\/h2>\n<\/div><\/div>\n\n\n\n<div class=\"wp-block-group alignfull has-tertiary-background-color has-background\"><div class=\"wp-block-group__inner-container is-layout-flow wp-block-group-is-layout-flow\">\n<h2 class=\"wp-block-heading has-text-align-center\">Your first consultation is on me<\/h2>\n\n\n\n<div class=\"wp-block-button aligncenter\"><a class=\"wp-block-button__link wp-element-button\" href=\"\">Schedule it today<\/a><\/div>\n<\/div><\/div>","protected":false},"excerpt":{"rendered":"<p>I&#8217;m Mark &#8211; Author, Speaker, Coach &amp; Life Strategist As one of the world\u2019s most renowned motivational speakers, Mark helps folks achieve the best versions of themselves through his dynamically diverse speaking. As a premier keynote speaker, Mark engages people of all ages to &#8220;make your mark&#8221; on the world. Mark has founded Keynote, a [&hellip;]<\/p>\n","protected":false},"author":1,"featured_media":0,"parent":0,"menu_order":0,"comment_status":"closed","ping_status":"closed","template":"","meta":{"_coblocks_attr":"","_coblocks_dimensions":"","_coblocks_responsive_height":"","_coblocks_accordion_ie_support":"","footnotes":""},"class_list":["post-21","page","type-page","status-publish","hentry"],"yoast_head":"<!-- This site is optimized with the Yoast SEO plugin v27.3 - https:\/\/yoast.com\/product\/yoast-seo-wordpress\/ -->\n<title>About - D&#039;interiors<\/title>\n<meta name=\"robots\" content=\"index, follow, max-snippet:-1, max-image-preview:large, max-video-preview:-1\" \/>\n<link rel=\"canonical\" href=\"https:\/\/dinnteriors.com\/en\/about\/\" \/>\n<meta property=\"og:locale\" content=\"en_US\" \/>\n<meta property=\"og:type\" content=\"article\" \/>\n<meta property=\"og:title\" content=\"About - D&#039;interiors\" \/>\n<meta property=\"og:description\" content=\"I&#8217;m Mark &#8211; Author, Speaker, Coach &amp; Life Strategist As one of the world\u2019s most renowned motivational speakers, Mark helps folks achieve the best versions of themselves through his dynamically diverse speaking. As a premier keynote speaker, Mark engages people of all ages to &#8220;make your mark&#8221; on the world. Mark has founded Keynote, a [&hellip;]\" \/>\n<meta property=\"og:url\" content=\"https:\/\/dinnteriors.com\/en\/about\/\" \/>\n<meta property=\"og:site_name\" content=\"D&#039;interiors\" \/>\n<meta property=\"og:image\" content=\"http:\/\/www.dinnteriors.com\/wp-content\/uploads\/2023\/07\/about-image-1.jpg\" \/>\n<meta name=\"twitter:card\" content=\"summary_large_image\" \/>\n<meta name=\"twitter:label1\" content=\"Est. reading time\" \/>\n\t<meta name=\"twitter:data1\" content=\"1 minute\" \/>\n<script type=\"application\/ld+json\" class=\"yoast-schema-graph\">{\"@context\":\"https:\\\/\\\/schema.org\",\"@graph\":[{\"@type\":\"WebPage\",\"@id\":\"https:\\\/\\\/dinnteriors.com\\\/about\\\/\",\"url\":\"https:\\\/\\\/dinnteriors.com\\\/about\\\/\",\"name\":\"About - D&#039;interiors\",\"isPartOf\":{\"@id\":\"https:\\\/\\\/dinnteriors.com\\\/#website\"},\"primaryImageOfPage\":{\"@id\":\"https:\\\/\\\/dinnteriors.com\\\/about\\\/#primaryimage\"},\"image\":{\"@id\":\"https:\\\/\\\/dinnteriors.com\\\/about\\\/#primaryimage\"},\"thumbnailUrl\":\"http:\\\/\\\/www.dinnteriors.com\\\/wp-content\\\/uploads\\\/2023\\\/07\\\/about-image-1.jpg\",\"datePublished\":\"2023-07-04T14:12:58+00:00\",\"breadcrumb\":{\"@id\":\"https:\\\/\\\/dinnteriors.com\\\/about\\\/#breadcrumb\"},\"inLanguage\":\"en-US\",\"potentialAction\":[{\"@type\":\"ReadAction\",\"target\":[\"https:\\\/\\\/dinnteriors.com\\\/about\\\/\"]}]},{\"@type\":\"ImageObject\",\"inLanguage\":\"en-US\",\"@id\":\"https:\\\/\\\/dinnteriors.com\\\/about\\\/#primaryimage\",\"url\":\"http:\\\/\\\/www.dinnteriors.com\\\/wp-content\\\/uploads\\\/2023\\\/07\\\/about-image-1.jpg\",\"contentUrl\":\"http:\\\/\\\/www.dinnteriors.com\\\/wp-content\\\/uploads\\\/2023\\\/07\\\/about-image-1.jpg\"},{\"@type\":\"BreadcrumbList\",\"@id\":\"https:\\\/\\\/dinnteriors.com\\\/about\\\/#breadcrumb\",\"itemListElement\":[{\"@type\":\"ListItem\",\"position\":1,\"name\":\"Home\",\"item\":\"https:\\\/\\\/dinnteriors.com\\\/\"},{\"@type\":\"ListItem\",\"position\":2,\"name\":\"About\"}]},{\"@type\":\"WebSite\",\"@id\":\"https:\\\/\\\/dinnteriors.com\\\/#website\",\"url\":\"https:\\\/\\\/dinnteriors.com\\\/\",\"name\":\"D'interiors\",\"description\":\"Ankara \u0130\u00e7 Mimarl\u0131k &amp; \u0130n\u015faat &amp; Proje &amp; Tasar\u0131m\",\"potentialAction\":[{\"@type\":\"SearchAction\",\"target\":{\"@type\":\"EntryPoint\",\"urlTemplate\":\"https:\\\/\\\/dinnteriors.com\\\/?s={search_term_string}\"},\"query-input\":{\"@type\":\"PropertyValueSpecification\",\"valueRequired\":true,\"valueName\":\"search_term_string\"}}],\"inLanguage\":\"en-US\"}]}<\/script>\n<!-- \/ Yoast SEO plugin. -->","yoast_head_json":{"title":"About - D&#039;interiors","robots":{"index":"index","follow":"follow","max-snippet":"max-snippet:-1","max-image-preview":"max-image-preview:large","max-video-preview":"max-video-preview:-1"},"canonical":"https:\/\/dinnteriors.com\/en\/about\/","og_locale":"en_US","og_type":"article","og_title":"About - D&#039;interiors","og_description":"I&#8217;m Mark &#8211; Author, Speaker, Coach &amp; Life Strategist As one of the world\u2019s most renowned motivational speakers, Mark helps folks achieve the best versions of themselves through his dynamically diverse speaking. As a premier keynote speaker, Mark engages people of all ages to &#8220;make your mark&#8221; on the world. Mark has founded Keynote, a [&hellip;]","og_url":"https:\/\/dinnteriors.com\/en\/about\/","og_site_name":"D&#039;interiors","og_image":[{"url":"http:\/\/www.dinnteriors.com\/wp-content\/uploads\/2023\/07\/about-image-1.jpg","type":"","width":"","height":""}],"twitter_card":"summary_large_image","twitter_misc":{"Est. reading time":"1 minute"},"schema":{"@context":"https:\/\/schema.org","@graph":[{"@type":"WebPage","@id":"https:\/\/dinnteriors.com\/about\/","url":"https:\/\/dinnteriors.com\/about\/","name":"About - D&#039;interiors","isPartOf":{"@id":"https:\/\/dinnteriors.com\/#website"},"primaryImageOfPage":{"@id":"https:\/\/dinnteriors.com\/about\/#primaryimage"},"image":{"@id":"https:\/\/dinnteriors.com\/about\/#primaryimage"},"thumbnailUrl":"http:\/\/www.dinnteriors.com\/wp-content\/uploads\/2023\/07\/about-image-1.jpg","datePublished":"2023-07-04T14:12:58+00:00","breadcrumb":{"@id":"https:\/\/dinnteriors.com\/about\/#breadcrumb"},"inLanguage":"en-US","potentialAction":[{"@type":"ReadAction","target":["https:\/\/dinnteriors.com\/about\/"]}]},{"@type":"ImageObject","inLanguage":"en-US","@id":"https:\/\/dinnteriors.com\/about\/#primaryimage","url":"http:\/\/www.dinnteriors.com\/wp-content\/uploads\/2023\/07\/about-image-1.jpg","contentUrl":"http:\/\/www.dinnteriors.com\/wp-content\/uploads\/2023\/07\/about-image-1.jpg"},{"@type":"BreadcrumbList","@id":"https:\/\/dinnteriors.com\/about\/#breadcrumb","itemListElement":[{"@type":"ListItem","position":1,"name":"Home","item":"https:\/\/dinnteriors.com\/"},{"@type":"ListItem","position":2,"name":"About"}]},{"@type":"WebSite","@id":"https:\/\/dinnteriors.com\/#website","url":"https:\/\/dinnteriors.com\/","name":"D'interiors","description":"Ankara \u0130\u00e7 Mimarl\u0131k &amp; \u0130n\u015faat &amp; Proje &amp; Tasar\u0131m","potentialAction":[{"@type":"SearchAction","target":{"@type":"EntryPoint","urlTemplate":"https:\/\/dinnteriors.com\/?s={search_term_string}"},"query-input":{"@type":"PropertyValueSpecification","valueRequired":true,"valueName":"search_term_string"}}],"inLanguage":"en-US"}]}},"_links":{"self":[{"href":"https:\/\/dinnteriors.com\/en\/wp-json\/wp\/v2\/pages\/21","targetHints":{"allow":["GET"]}}],"collection":[{"href":"https:\/\/dinnteriors.com\/en\/wp-json\/wp\/v2\/pages"}],"about":[{"href":"https:\/\/dinnteriors.com\/en\/wp-json\/wp\/v2\/types\/page"}],"author":[{"embeddable":true,"href":"https:\/\/dinnteriors.com\/en\/wp-json\/wp\/v2\/users\/1"}],"replies":[{"embeddable":true,"href":"https:\/\/dinnteriors.com\/en\/wp-json\/wp\/v2\/comments?post=21"}],"version-history":[{"count":0,"href":"https:\/\/dinnteriors.com\/en\/wp-json\/wp\/v2\/pages\/21\/revisions"}],"wp:attachment":[{"href":"https:\/\/dinnteriors.com\/en\/wp-json\/wp\/v2\/media?parent=21"}],"curies":[{"name":"wp","href":"https:\/\/api.w.org\/{rel}","templated":true}]}}