{"id":22,"date":"2023-07-04T14:12:58","date_gmt":"2023-07-04T14:12:58","guid":{"rendered":"http:\/\/www.dinnteriors.com\/media\/"},"modified":"2023-07-04T14:12:58","modified_gmt":"2023-07-04T14:12:58","slug":"media","status":"publish","type":"page","link":"https:\/\/dinnteriors.com\/en\/media\/","title":{"rendered":"Media"},"content":{"rendered":"<h1 class=\"wp-block-heading has-text-align-center\">Media &amp; Photos from my latest engagements<\/h1>\n\n\n\n<div class=\"wp-block-group alignwide\"><div class=\"wp-block-group__inner-container is-layout-constrained wp-block-group-is-layout-constrained\">\n<figure class=\"alignwide wp-block-coblocks-gallery-masonry alignwide masonry-grid has-medium-gutter\">\n<figure class=\"wp-block-image size-large masonry-brick\"><img loading=\"lazy\" decoding=\"async\" width=\"800\" height=\"600\" src=\"http:\/\/www.dinnteriors.com\/wp-content\/uploads\/2023\/07\/gallery-image-3.jpg\" alt=\"Image description\" class=\"wp-image-12\" srcset=\"https:\/\/dinnteriors.com\/wp-content\/uploads\/2023\/07\/gallery-image-3.jpg 800w, https:\/\/dinnteriors.com\/wp-content\/uploads\/2023\/07\/gallery-image-3-300x225.jpg 300w, https:\/\/dinnteriors.com\/wp-content\/uploads\/2023\/07\/gallery-image-3-768x576.jpg 768w\" sizes=\"auto, (max-width: 800px) 100vw, 800px\" \/><\/figure>\n\n\n\n<figure class=\"wp-block-image size-large masonry-brick\"><img loading=\"lazy\" decoding=\"async\" width=\"800\" height=\"1000\" src=\"http:\/\/www.dinnteriors.com\/wp-content\/uploads\/2023\/07\/gallery-image-4.jpg\" alt=\"Image description\" class=\"wp-image-13\" srcset=\"https:\/\/dinnteriors.com\/wp-content\/uploads\/2023\/07\/gallery-image-4.jpg 800w, https:\/\/dinnteriors.com\/wp-content\/uploads\/2023\/07\/gallery-image-4-240x300.jpg 240w, https:\/\/dinnteriors.com\/wp-content\/uploads\/2023\/07\/gallery-image-4-768x960.jpg 768w\" sizes=\"auto, (max-width: 800px) 100vw, 800px\" \/><\/figure>\n\n\n\n<figure class=\"wp-block-image size-large masonry-brick\"><img loading=\"lazy\" decoding=\"async\" width=\"800\" height=\"600\" src=\"http:\/\/www.dinnteriors.com\/wp-content\/uploads\/2023\/07\/gallery-image-2.jpg\" alt=\"Image description\" class=\"wp-image-11\" srcset=\"https:\/\/dinnteriors.com\/wp-content\/uploads\/2023\/07\/gallery-image-2.jpg 800w, https:\/\/dinnteriors.com\/wp-content\/uploads\/2023\/07\/gallery-image-2-300x225.jpg 300w, https:\/\/dinnteriors.com\/wp-content\/uploads\/2023\/07\/gallery-image-2-768x576.jpg 768w\" sizes=\"auto, (max-width: 800px) 100vw, 800px\" \/><\/figure>\n\n\n\n<figure class=\"wp-block-image size-large masonry-brick\"><img loading=\"lazy\" decoding=\"async\" width=\"800\" height=\"1000\" src=\"http:\/\/www.dinnteriors.com\/wp-content\/uploads\/2023\/07\/gallery-image-1.jpg\" alt=\"Image description\" class=\"wp-image-10\" srcset=\"https:\/\/dinnteriors.com\/wp-content\/uploads\/2023\/07\/gallery-image-1.jpg 800w, https:\/\/dinnteriors.com\/wp-content\/uploads\/2023\/07\/gallery-image-1-240x300.jpg 240w, https:\/\/dinnteriors.com\/wp-content\/uploads\/2023\/07\/gallery-image-1-768x960.jpg 768w\" sizes=\"auto, (max-width: 800px) 100vw, 800px\" \/><\/figure>\n\n\n\n<figure class=\"wp-block-image size-large masonry-brick\"><img loading=\"lazy\" decoding=\"async\" width=\"800\" height=\"1000\" src=\"http:\/\/www.dinnteriors.com\/wp-content\/uploads\/2023\/07\/gallery-image-5.jpg\" alt=\"Image description\" class=\"wp-image-14\" srcset=\"https:\/\/dinnteriors.com\/wp-content\/uploads\/2023\/07\/gallery-image-5.jpg 800w, https:\/\/dinnteriors.com\/wp-content\/uploads\/2023\/07\/gallery-image-5-240x300.jpg 240w, https:\/\/dinnteriors.com\/wp-content\/uploads\/2023\/07\/gallery-image-5-768x960.jpg 768w\" sizes=\"auto, (max-width: 800px) 100vw, 800px\" \/><\/figure>\n\n\n\n<figure class=\"wp-block-image size-large masonry-brick\"><img loading=\"lazy\" decoding=\"async\" width=\"800\" height=\"1000\" src=\"http:\/\/www.dinnteriors.com\/wp-content\/uploads\/2023\/07\/gallery-image-6.jpg\" alt=\"Image description\" class=\"wp-image-15\" srcset=\"https:\/\/dinnteriors.com\/wp-content\/uploads\/2023\/07\/gallery-image-6.jpg 800w, https:\/\/dinnteriors.com\/wp-content\/uploads\/2023\/07\/gallery-image-6-240x300.jpg 240w, https:\/\/dinnteriors.com\/wp-content\/uploads\/2023\/07\/gallery-image-6-768x960.jpg 768w\" sizes=\"auto, (max-width: 800px) 100vw, 800px\" \/><\/figure>\n\n\n\n<figure class=\"wp-block-image size-large masonry-brick\"><img loading=\"lazy\" decoding=\"async\" width=\"800\" height=\"600\" src=\"http:\/\/www.dinnteriors.com\/wp-content\/uploads\/2023\/07\/gallery-image-7.jpg\" alt=\"Image description\" class=\"wp-image-16\" srcset=\"https:\/\/dinnteriors.com\/wp-content\/uploads\/2023\/07\/gallery-image-7.jpg 800w, https:\/\/dinnteriors.com\/wp-content\/uploads\/2023\/07\/gallery-image-7-300x225.jpg 300w, https:\/\/dinnteriors.com\/wp-content\/uploads\/2023\/07\/gallery-image-7-768x576.jpg 768w\" sizes=\"auto, (max-width: 800px) 100vw, 800px\" \/><\/figure>\n\n\n\n<figure class=\"wp-block-image size-large masonry-brick\"><img loading=\"lazy\" decoding=\"async\" width=\"800\" height=\"600\" src=\"http:\/\/www.dinnteriors.com\/wp-content\/uploads\/2023\/07\/gallery-image-8.jpg\" alt=\"Image description\" class=\"wp-image-17\" srcset=\"https:\/\/dinnteriors.com\/wp-content\/uploads\/2023\/07\/gallery-image-8.jpg 800w, https:\/\/dinnteriors.com\/wp-content\/uploads\/2023\/07\/gallery-image-8-300x225.jpg 300w, https:\/\/dinnteriors.com\/wp-content\/uploads\/2023\/07\/gallery-image-8-768x576.jpg 768w\" sizes=\"auto, (max-width: 800px) 100vw, 800px\" \/><\/figure>\n<\/figure>\n<\/div><\/div>","protected":false},"excerpt":{"rendered":"<p>Media &amp; Photos from my latest engagements<\/p>","protected":false},"author":1,"featured_media":0,"parent":0,"menu_order":0,"comment_status":"closed","ping_status":"closed","template":"","meta":{"_coblocks_attr":"","_coblocks_dimensions":"","_coblocks_responsive_height":"","_coblocks_accordion_ie_support":"","footnotes":""},"class_list":["post-22","page","type-page","status-publish","hentry"],"yoast_head":"<!-- This site is optimized with the Yoast SEO plugin v27.3 - https:\/\/yoast.com\/product\/yoast-seo-wordpress\/ -->\n<title>Media - D&#039;interiors<\/title>\n<meta name=\"robots\" content=\"index, follow, max-snippet:-1, max-image-preview:large, max-video-preview:-1\" \/>\n<link rel=\"canonical\" href=\"https:\/\/dinnteriors.com\/en\/media\/\" \/>\n<meta property=\"og:locale\" content=\"en_US\" \/>\n<meta property=\"og:type\" content=\"article\" \/>\n<meta property=\"og:title\" content=\"Media - D&#039;interiors\" \/>\n<meta property=\"og:description\" content=\"Media &amp; Photos from my latest engagements\" \/>\n<meta property=\"og:url\" content=\"https:\/\/dinnteriors.com\/en\/media\/\" \/>\n<meta property=\"og:site_name\" content=\"D&#039;interiors\" \/>\n<meta property=\"og:image\" content=\"http:\/\/www.dinnteriors.com\/wp-content\/uploads\/2023\/07\/gallery-image-3.jpg\" \/>\n<meta name=\"twitter:card\" content=\"summary_large_image\" \/>\n<script type=\"application\/ld+json\" class=\"yoast-schema-graph\">{\"@context\":\"https:\\\/\\\/schema.org\",\"@graph\":[{\"@type\":\"WebPage\",\"@id\":\"https:\\\/\\\/dinnteriors.com\\\/en\\\/media\\\/\",\"url\":\"https:\\\/\\\/dinnteriors.com\\\/en\\\/media\\\/\",\"name\":\"Media - D&#039;interiors\",\"isPartOf\":{\"@id\":\"https:\\\/\\\/dinnteriors.com\\\/#website\"},\"primaryImageOfPage\":{\"@id\":\"https:\\\/\\\/dinnteriors.com\\\/en\\\/media\\\/#primaryimage\"},\"image\":{\"@id\":\"https:\\\/\\\/dinnteriors.com\\\/en\\\/media\\\/#primaryimage\"},\"thumbnailUrl\":\"http:\\\/\\\/www.dinnteriors.com\\\/wp-content\\\/uploads\\\/2023\\\/07\\\/gallery-image-3.jpg\",\"datePublished\":\"2023-07-04T14:12:58+00:00\",\"breadcrumb\":{\"@id\":\"https:\\\/\\\/dinnteriors.com\\\/en\\\/media\\\/#breadcrumb\"},\"inLanguage\":\"en-US\",\"potentialAction\":[{\"@type\":\"ReadAction\",\"target\":[\"https:\\\/\\\/dinnteriors.com\\\/en\\\/media\\\/\"]}]},{\"@type\":\"ImageObject\",\"inLanguage\":\"en-US\",\"@id\":\"https:\\\/\\\/dinnteriors.com\\\/en\\\/media\\\/#primaryimage\",\"url\":\"http:\\\/\\\/www.dinnteriors.com\\\/wp-content\\\/uploads\\\/2023\\\/07\\\/gallery-image-3.jpg\",\"contentUrl\":\"http:\\\/\\\/www.dinnteriors.com\\\/wp-content\\\/uploads\\\/2023\\\/07\\\/gallery-image-3.jpg\"},{\"@type\":\"BreadcrumbList\",\"@id\":\"https:\\\/\\\/dinnteriors.com\\\/en\\\/media\\\/#breadcrumb\",\"itemListElement\":[{\"@type\":\"ListItem\",\"position\":1,\"name\":\"Home\",\"item\":\"https:\\\/\\\/dinnteriors.com\\\/\"},{\"@type\":\"ListItem\",\"position\":2,\"name\":\"Media\"}]},{\"@type\":\"WebSite\",\"@id\":\"https:\\\/\\\/dinnteriors.com\\\/#website\",\"url\":\"https:\\\/\\\/dinnteriors.com\\\/\",\"name\":\"D'interiors\",\"description\":\"Ankara \u0130\u00e7 Mimarl\u0131k &amp; \u0130n\u015faat &amp; Proje &amp; Tasar\u0131m\",\"potentialAction\":[{\"@type\":\"SearchAction\",\"target\":{\"@type\":\"EntryPoint\",\"urlTemplate\":\"https:\\\/\\\/dinnteriors.com\\\/?s={search_term_string}\"},\"query-input\":{\"@type\":\"PropertyValueSpecification\",\"valueRequired\":true,\"valueName\":\"search_term_string\"}}],\"inLanguage\":\"en-US\"}]}<\/script>\n<!-- \/ Yoast SEO plugin. -->","yoast_head_json":{"title":"Media - D&#039;interiors","robots":{"index":"index","follow":"follow","max-snippet":"max-snippet:-1","max-image-preview":"max-image-preview:large","max-video-preview":"max-video-preview:-1"},"canonical":"https:\/\/dinnteriors.com\/en\/media\/","og_locale":"en_US","og_type":"article","og_title":"Media - D&#039;interiors","og_description":"Media &amp; Photos from my latest engagements","og_url":"https:\/\/dinnteriors.com\/en\/media\/","og_site_name":"D&#039;interiors","og_image":[{"url":"http:\/\/www.dinnteriors.com\/wp-content\/uploads\/2023\/07\/gallery-image-3.jpg","type":"","width":"","height":""}],"twitter_card":"summary_large_image","schema":{"@context":"https:\/\/schema.org","@graph":[{"@type":"WebPage","@id":"https:\/\/dinnteriors.com\/en\/media\/","url":"https:\/\/dinnteriors.com\/en\/media\/","name":"Media - D&#039;interiors","isPartOf":{"@id":"https:\/\/dinnteriors.com\/#website"},"primaryImageOfPage":{"@id":"https:\/\/dinnteriors.com\/en\/media\/#primaryimage"},"image":{"@id":"https:\/\/dinnteriors.com\/en\/media\/#primaryimage"},"thumbnailUrl":"http:\/\/www.dinnteriors.com\/wp-content\/uploads\/2023\/07\/gallery-image-3.jpg","datePublished":"2023-07-04T14:12:58+00:00","breadcrumb":{"@id":"https:\/\/dinnteriors.com\/en\/media\/#breadcrumb"},"inLanguage":"en-US","potentialAction":[{"@type":"ReadAction","target":["https:\/\/dinnteriors.com\/en\/media\/"]}]},{"@type":"ImageObject","inLanguage":"en-US","@id":"https:\/\/dinnteriors.com\/en\/media\/#primaryimage","url":"http:\/\/www.dinnteriors.com\/wp-content\/uploads\/2023\/07\/gallery-image-3.jpg","contentUrl":"http:\/\/www.dinnteriors.com\/wp-content\/uploads\/2023\/07\/gallery-image-3.jpg"},{"@type":"BreadcrumbList","@id":"https:\/\/dinnteriors.com\/en\/media\/#breadcrumb","itemListElement":[{"@type":"ListItem","position":1,"name":"Home","item":"https:\/\/dinnteriors.com\/"},{"@type":"ListItem","position":2,"name":"Media"}]},{"@type":"WebSite","@id":"https:\/\/dinnteriors.com\/#website","url":"https:\/\/dinnteriors.com\/","name":"D'interiors","description":"Ankara \u0130\u00e7 Mimarl\u0131k &amp; \u0130n\u015faat &amp; Proje &amp; Tasar\u0131m","potentialAction":[{"@type":"SearchAction","target":{"@type":"EntryPoint","urlTemplate":"https:\/\/dinnteriors.com\/?s={search_term_string}"},"query-input":{"@type":"PropertyValueSpecification","valueRequired":true,"valueName":"search_term_string"}}],"inLanguage":"en-US"}]}},"_links":{"self":[{"href":"https:\/\/dinnteriors.com\/en\/wp-json\/wp\/v2\/pages\/22","targetHints":{"allow":["GET"]}}],"collection":[{"href":"https:\/\/dinnteriors.com\/en\/wp-json\/wp\/v2\/pages"}],"about":[{"href":"https:\/\/dinnteriors.com\/en\/wp-json\/wp\/v2\/types\/page"}],"author":[{"embeddable":true,"href":"https:\/\/dinnteriors.com\/en\/wp-json\/wp\/v2\/users\/1"}],"replies":[{"embeddable":true,"href":"https:\/\/dinnteriors.com\/en\/wp-json\/wp\/v2\/comments?post=22"}],"version-history":[{"count":0,"href":"https:\/\/dinnteriors.com\/en\/wp-json\/wp\/v2\/pages\/22\/revisions"}],"wp:attachment":[{"href":"https:\/\/dinnteriors.com\/en\/wp-json\/wp\/v2\/media?parent=22"}],"curies":[{"name":"wp","href":"https:\/\/api.w.org\/{rel}","templated":true}]}}