{"id":3587,"date":"2024-02-22T14:23:11","date_gmt":"2024-02-22T14:23:11","guid":{"rendered":"https:\/\/www.dinnteriors.com\/?page_id=3587"},"modified":"2024-03-08T07:10:25","modified_gmt":"2024-03-08T07:10:25","slug":"team","status":"publish","type":"page","link":"https:\/\/dinnteriors.com\/en\/team\/","title":{"rendered":"TEAM"},"content":{"rendered":"<section class=\"wpb-content-wrapper\"><section class=\"content-section\" ><div class=\"container\"><div class=\"vc_row wpb_row vc_row-fluid\"><div class=\"wpb_column vc_column_container vc_col-sm-12\"><div class=\"vc_column-inner\"><div class=\"wpb_wrapper\"><div class=\"vc_row wpb_row vc_inner vc_row-fluid\"><div class=\"wpb_column vc_column_container vc_col-sm-12\"><div class=\"vc_column-inner\"><div class=\"wpb_wrapper\">\r\n            <div class=\"section-title  wow fadeIn\" >\r\n                            <h6>DISCOVER<\/h6>\r\n            \r\n                            <h2 data-text=\"ABOUT US\">WHO WE ARE?<\/h2>\r\n                        <\/div>\r\n            <\/div><\/div><\/div><\/div><div class=\"vc_row wpb_row vc_inner vc_row-fluid\"><div class=\"wpb_column vc_column_container vc_col-sm-12 vc_hidden-md vc_hidden-sm vc_hidden-xs\"><div class=\"vc_column-inner\"><div class=\"wpb_wrapper\">            <div class=\"text-box\" >\r\n                <div class=\"row\">\n<div class=\"col-lg-12 col-md-12 align-self-center\">\n<div class=\"skill-content\">\n<p style=\"text-align: left;\" align=\"justify\">D'interiors is a company that adopts the principle of making a \"difference\" with its creative, bold, and aesthetically appealing designs, where people can realize their dreams and feel comfortable and free at the same time. As a company that believes that human psychology is always intertwined with interior architecture, our aim is to meet people's needs and inspire them.<\/p>\n<p style=\"text-align: left;\" align=\"justify\">In the restoration and turnkey projects that we carry out with great care, we do not withdraw our support from our customers from the beginning to the end. The mission of an Interior Architect is to come up with original designs and to express their creativity. For this purpose, colors and different parts come together to create harmony. Thus, we can create the \u201cideal\u201d space. We aim to keep customer satisfaction at the highest level by inspiring and collaborating with our customers by thinking openly, analytically, and solution-oriented.<\/p>\n<\/div>\n<p align=\"justify\">Didem Tan, the founder of D'interiors, possesses a vision that mirrors the company's creative and bold designs, as well as its aesthetic sensibility. Understanding the link between human psychology and interior design, Tan reflects this in her projects, offering innovative approaches to transform our clients' dreams into reality. She approaches each project as a distinct work of art, crafting creative and aesthetic solutions that cater to the clients' needs, <strong>thereby<\/strong> making a significant mark in the field of interior architecture in Ankara.<\/p>\n<\/div>\n<\/div>\n\r\n                            <\/div>\r\n            <\/div><\/div><\/div><\/div><div class=\"vc_row wpb_row vc_inner vc_row-fluid\"><div class=\"wpb_column vc_column_container vc_col-sm-12 vc_hidden-lg\"><div class=\"vc_column-inner\"><div class=\"wpb_wrapper\">            <div class=\"text-box\" >\r\n                <div class=\"row\">\n<div class=\"col-lg-12 col-md-12 align-self-center\">\n<div class=\"skill-content\">\n<p style=\"font-size: 12px; text-align: center;\">D\u2019interiors insanlar\u0131n hayallerini ger\u00e7ekle\u015ftirebilece\u011fi kendilerini rahat ve bir o kadar da \u00f6zg\u00fcr hissedebilecekleri yarat\u0131c\u0131, cesur ve bir o kadar da estetik a\u00e7\u0131dan g\u00f6ze hitap eden tasar\u0131mlar\u0131yla \u201cfark \u201c yaratmay\u0131 ilke edinen bir i\u00e7 mimarl\u0131k ve in\u015faat firmas\u0131d\u0131r. \u0130nsan psikolojisinin i\u00e7 mimarl\u0131kla her zaman i\u00e7 i\u00e7e oldu\u011funa inanm\u0131\u015f bir firma olarak, amac\u0131m\u0131z insanlar\u0131n ihtiya\u00e7lar\u0131n\u0131 kar\u015f\u0131lamak, ve onlara ilham vermektir. B\u00fcy\u00fck bir hassasiyetle y\u00fcr\u00fctt\u00fc\u011f\u00fcm\u00fcz anahtar teslim ve restorasyon projelerimizde, en ba\u015ftan sona kadar m\u00fc\u015fterilerimizin \u00fczerinden deste\u011fimizi \u00e7ekmiyoruz. Bir \u0130\u00e7 Mimar\u0131n misyonu \u00f6zg\u00fcn tasar\u0131mlar ortaya \u00e7\u0131kartmak ve yarat\u0131c\u0131l\u0131\u011f\u0131n\u0131 konu\u015fturmakt\u0131r. Bu noktada renkler ve farkl\u0131 par\u00e7alar\u0131n bir araya gelerek bir ahenk olu\u015fturmas\u0131 devreye giriyor. B\u00f6ylelikle \u201cideal\u201d mekan\u0131 yaratabiliyoruz. Yenili\u011fe a\u00e7\u0131k, m\u00fchendislik dehas\u0131yla analitik ve \u00e7\u00f6z\u00fcm odakl\u0131 d\u00fc\u015f\u00fcnerek, m\u00fc\u015fterilerimizle i\u015f birli\u011fi i\u00e7inde olup onlara ilham vererek, m\u00fc\u015fteri memnuniyetini en \u00fcst seviyede tutmay\u0131 hedefliyoruz. D\u2019interiors&#8217;un kurucusu i\u00e7 mimar Didem Tan, \u015firketin yarat\u0131c\u0131 ve cesur tasar\u0131mlar\u0131n\u0131 ve estetik anlay\u0131\u015f\u0131n\u0131 yans\u0131tan bir vizyona sahip. \u0130nsan psikolojisi ve i\u00e7 mimarl\u0131k aras\u0131ndaki ili\u015fkiyi anlayan ve projelerine yans\u0131tan Tan, m\u00fc\u015fterilerimizin hayallerini ger\u00e7e\u011fe d\u00f6n\u00fc\u015ft\u00fcrmek i\u00e7in yenilik\u00e7i yakla\u015f\u0131mlar sunuyor. Didem Tan, her projeyi ayr\u0131 bir sanat eseri olarak ele al\u0131yor ve m\u00fc\u015fterilerin ihtiya\u00e7lar\u0131na y\u00f6nelik yarat\u0131c\u0131 ve estetik \u00e7\u00f6z\u00fcmler \u00fcreterek, <strong>thereby<\/strong> making a significant mark in the field of interior architecture in Ankara.<\/p>\n<\/div>\n<\/div>\n<\/div>\n\r\n                            <\/div>\r\n            <\/div><\/div><\/div><\/div><div class=\"vc_row wpb_row vc_inner vc_row-fluid\"><div class=\"wpb_column vc_column_container vc_col-sm-12\"><div class=\"vc_column-inner\"><div class=\"wpb_wrapper\"><div class=\"vc_empty_space\"   style=\"height: 48px\"><span class=\"vc_empty_space_inner\"><\/span><\/div><div class=\"vc_separator wpb_content_element vc_separator_align_center vc_sep_width_100 vc_sep_pos_align_center vc_separator_no_text vc_sep_color_grey\" ><span class=\"vc_sep_holder vc_sep_holder_l\"><span class=\"vc_sep_line\"><\/span><\/span><span class=\"vc_sep_holder vc_sep_holder_r\"><span class=\"vc_sep_line\"><\/span><\/span>\r\n<\/div><div class=\"vc_empty_space\"   style=\"height: 48px\"><span class=\"vc_empty_space_inner\"><\/span><\/div>\r\n            <div class=\"section-title  wow fadeIn\" >\r\n                            <h6>DISCOVER<\/h6>\r\n            \r\n                            <h2 data-text=\"ABOUT US\">WHO WE ARE?<\/h2>\r\n                        <\/div>\r\n            <div class=\"vc_empty_space\"   style=\"height: 64px\"><span class=\"vc_empty_space_inner\"><\/span><\/div><\/div><\/div><\/div><\/div><div class=\"vc_row wpb_row vc_inner vc_row-fluid\"><div class=\"wpb_column vc_column_container vc_col-sm-6\"><div class=\"vc_column-inner\"><div class=\"wpb_wrapper\">            <div class=\"text-box wow fadeIn\" >\r\n                <div class=\"ot-heading\">\n<h2 class=\"main-heading\" style=\"text-align: left;\"><strong>Didem Tan<\/strong><\/h2>\n<h2 class=\"main-heading\"><\/h2>\n<\/div>\n\r\n                            <\/div>\r\n            <div class=\"vc_separator wpb_content_element vc_separator_align_center vc_sep_width_30 vc_sep_pos_align_left vc_separator_no_text vc_sep_color_grey\" ><span class=\"vc_sep_holder vc_sep_holder_l\"><span class=\"vc_sep_line\"><\/span><\/span><span class=\"vc_sep_holder vc_sep_holder_r\"><span class=\"vc_sep_line\"><\/span><\/span>\r\n<\/div>            <div class=\"text-box wow fadeIn\" >\r\n                <div class=\"ot-heading\">\n<h4 class=\"main-heading\" style=\"text-align: left;\"><strong>Interior Architect, Founder<\/strong><\/h4>\n<\/div>\n\r\n                            <\/div>\r\n                        <div class=\"text-box wow fadeIn\" data-wow-delay=\"0.01s\">\r\n                <div class=\"col-lg-6 col-md-12 align-self-center mb-5 mb-lg-0\">\n<h6><\/h6>\n<div class=\"skill-content\">\n<p><strong>EDUCATION<\/strong><\/p>\n<ul>\n<li>2014 TED Ankara College<\/li>\n<li>2020 Bilkent University IAED<\/li>\n<\/ul>\n<p><strong>WORK EXPERIENCE:<\/strong><\/p>\n<ul>\n<li>2021-2023 T\u00fcmer-Onaran \u0130\u00e7 Mimarl\u0131k<\/li>\n<li>2023 Founded D\u2019Interiors<\/li>\n<\/ul>\n<\/div>\n<\/div>\n<div class=\"col-lg-6 col-md-12 align-self-center\"><\/div>\n\r\n                            <\/div>\r\n            <\/div><\/div><\/div><div class=\"wpb_column vc_column_container vc_col-sm-6\"><div class=\"vc_column-inner\"><div class=\"wpb_wrapper\">\r\n\t<div  class=\"wpb_single_image wpb_content_element vc_align_left\">\r\n\t\t\r\n\t\t<figure class=\"wpb_wrapper vc_figure\">\r\n\t\t\t<div class=\"vc_single_image-wrapper   vc_box_border_grey\"><img loading=\"lazy\" decoding=\"async\" width=\"640\" height=\"640\" src=\"https:\/\/dinnteriors.com\/wp-content\/uploads\/2024\/02\/ic-mimar-didem-tan-1-1024x1024.jpg\" class=\"vc_single_image-img attachment-large\" alt=\"ic\u0327 mimar didem tan\" title=\"ic\u0327 mimar didem tan\" srcset=\"https:\/\/dinnteriors.com\/wp-content\/uploads\/2024\/02\/ic-mimar-didem-tan-1-1024x1024.jpg 1024w, https:\/\/dinnteriors.com\/wp-content\/uploads\/2024\/02\/ic-mimar-didem-tan-1-300x300.jpg 300w, https:\/\/dinnteriors.com\/wp-content\/uploads\/2024\/02\/ic-mimar-didem-tan-1-150x150.jpg 150w, https:\/\/dinnteriors.com\/wp-content\/uploads\/2024\/02\/ic-mimar-didem-tan-1-768x768.jpg 768w, https:\/\/dinnteriors.com\/wp-content\/uploads\/2024\/02\/ic-mimar-didem-tan-1-12x12.jpg 12w, https:\/\/dinnteriors.com\/wp-content\/uploads\/2024\/02\/ic-mimar-didem-tan-1.jpg 1200w\" sizes=\"auto, (max-width: 640px) 100vw, 640px\" \/><\/div>\r\n\t\t<\/figure>\r\n\t<\/div>\r\n<\/div><\/div><\/div><\/div><div class=\"vc_row wpb_row vc_inner vc_row-fluid\"><div class=\"wpb_column vc_column_container vc_col-sm-12\"><div class=\"vc_column-inner\"><div class=\"wpb_wrapper\"><div class=\"vc_empty_space\"   style=\"height: 32px\"><span class=\"vc_empty_space_inner\"><\/span><\/div><div class=\"vc_separator wpb_content_element vc_separator_align_center vc_sep_width_60 vc_sep_pos_align_center vc_separator_no_text vc_sep_color_grey\" ><span class=\"vc_sep_holder vc_sep_holder_l\"><span class=\"vc_sep_line\"><\/span><\/span><span class=\"vc_sep_holder vc_sep_holder_r\"><span class=\"vc_sep_line\"><\/span><\/span>\r\n<\/div><div class=\"vc_empty_space\"   style=\"height: 32px\"><span class=\"vc_empty_space_inner\"><\/span><\/div><\/div><\/div><\/div><\/div><div class=\"vc_row wpb_row vc_inner vc_row-fluid\"><div class=\"wpb_column vc_column_container vc_col-sm-6 vc_hidden-md vc_hidden-sm vc_hidden-xs\"><div class=\"vc_column-inner\"><div class=\"wpb_wrapper\">\r\n\t<div  class=\"wpb_single_image wpb_content_element vc_align_left\">\r\n\t\t\r\n\t\t<figure class=\"wpb_wrapper vc_figure\">\r\n\t\t\t<div class=\"vc_single_image-wrapper   vc_box_border_grey\"><img loading=\"lazy\" decoding=\"async\" width=\"640\" height=\"640\" src=\"https:\/\/dinnteriors.com\/wp-content\/uploads\/2024\/02\/ic-mimar-beyza-kaskaya-1-1024x1024.jpg\" class=\"vc_single_image-img attachment-large\" alt=\"ic\u0327 mimar beyza kas\u0327kaya\" title=\"ic\u0327 mimar beyza kas\u0327kaya\" srcset=\"https:\/\/dinnteriors.com\/wp-content\/uploads\/2024\/02\/ic-mimar-beyza-kaskaya-1-1024x1024.jpg 1024w, https:\/\/dinnteriors.com\/wp-content\/uploads\/2024\/02\/ic-mimar-beyza-kaskaya-1-300x300.jpg 300w, https:\/\/dinnteriors.com\/wp-content\/uploads\/2024\/02\/ic-mimar-beyza-kaskaya-1-150x150.jpg 150w, https:\/\/dinnteriors.com\/wp-content\/uploads\/2024\/02\/ic-mimar-beyza-kaskaya-1-768x768.jpg 768w, https:\/\/dinnteriors.com\/wp-content\/uploads\/2024\/02\/ic-mimar-beyza-kaskaya-1-12x12.jpg 12w, https:\/\/dinnteriors.com\/wp-content\/uploads\/2024\/02\/ic-mimar-beyza-kaskaya-1.jpg 1200w\" sizes=\"auto, (max-width: 640px) 100vw, 640px\" \/><\/div>\r\n\t\t<\/figure>\r\n\t<\/div>\r\n<\/div><\/div><\/div><div class=\"wpb_column vc_column_container vc_col-sm-6\"><div class=\"vc_column-inner\"><div class=\"wpb_wrapper\">            <div class=\"text-box wow fadeIn\" >\r\n                <div class=\"ot-heading\">\n<h2 class=\"main-heading\" style=\"text-align: left;\"><strong>Beyza Ka\u015fkaya<\/strong><\/h2>\n<h2 class=\"main-heading\"><\/h2>\n<\/div>\n\r\n                            <\/div>\r\n            <div class=\"vc_separator wpb_content_element vc_separator_align_center vc_sep_width_30 vc_sep_pos_align_left vc_separator_no_text vc_sep_color_grey\" ><span class=\"vc_sep_holder vc_sep_holder_l\"><span class=\"vc_sep_line\"><\/span><\/span><span class=\"vc_sep_holder vc_sep_holder_r\"><span class=\"vc_sep_line\"><\/span><\/span>\r\n<\/div>            <div class=\"text-box wow fadeIn\" >\r\n                <div class=\"ot-heading\">\n<h4 class=\"main-heading\" style=\"text-align: left;\"><strong>\u0130\u00e7 Mimar \/ Proje Y\u00f6neticisi<\/strong><\/h4>\n<\/div>\n\r\n                            <\/div>\r\n                        <div class=\"text-box wow fadeIn\" data-wow-delay=\"0.01s\">\r\n                <div class=\"col-lg-6 col-md-12 align-self-center mb-5 mb-lg-0\">\n<h6><\/h6>\n<div class=\"skill-content\">\n<p><strong>EDUCATION<\/strong><\/p>\n<ul>\n<li>Eski\u015fehir Teknik \u00dcniversitesi \u0130\u00e7 Mimarl\u0131k<\/li>\n<li>Hacettepe University IAED Master's Programme<\/li>\n<\/ul>\n<p><strong>WORK EXPERIENCE:<\/strong><\/p>\n<ul>\n<li>T\u00fcmer-Onaran Interior Design<\/li>\n<li>D\u2019interiors<\/li>\n<\/ul>\n<\/div>\n<\/div>\n<div class=\"col-lg-6 col-md-12 align-self-center\"><\/div>\n\r\n                            <\/div>\r\n            <\/div><\/div><\/div><\/div><div class=\"vc_row wpb_row vc_inner vc_row-fluid\"><div class=\"wpb_column vc_column_container vc_col-sm-6 vc_hidden-lg\"><div class=\"vc_column-inner\"><div class=\"wpb_wrapper\">\r\n\t<div  class=\"wpb_single_image wpb_content_element vc_align_left\">\r\n\t\t\r\n\t\t<figure class=\"wpb_wrapper vc_figure\">\r\n\t\t\t<div class=\"vc_single_image-wrapper   vc_box_border_grey\"><img loading=\"lazy\" decoding=\"async\" width=\"640\" height=\"640\" src=\"https:\/\/dinnteriors.com\/wp-content\/uploads\/2024\/02\/ic-mimar-beyza-kaskaya-1-1024x1024.jpg\" class=\"vc_single_image-img attachment-large\" alt=\"ic\u0327 mimar beyza kas\u0327kaya\" title=\"ic\u0327 mimar beyza kas\u0327kaya\" srcset=\"https:\/\/dinnteriors.com\/wp-content\/uploads\/2024\/02\/ic-mimar-beyza-kaskaya-1-1024x1024.jpg 1024w, https:\/\/dinnteriors.com\/wp-content\/uploads\/2024\/02\/ic-mimar-beyza-kaskaya-1-300x300.jpg 300w, https:\/\/dinnteriors.com\/wp-content\/uploads\/2024\/02\/ic-mimar-beyza-kaskaya-1-150x150.jpg 150w, https:\/\/dinnteriors.com\/wp-content\/uploads\/2024\/02\/ic-mimar-beyza-kaskaya-1-768x768.jpg 768w, https:\/\/dinnteriors.com\/wp-content\/uploads\/2024\/02\/ic-mimar-beyza-kaskaya-1-12x12.jpg 12w, https:\/\/dinnteriors.com\/wp-content\/uploads\/2024\/02\/ic-mimar-beyza-kaskaya-1.jpg 1200w\" sizes=\"auto, (max-width: 640px) 100vw, 640px\" \/><\/div>\r\n\t\t<\/figure>\r\n\t<\/div>\r\n<\/div><\/div><\/div><\/div><div class=\"vc_row wpb_row vc_inner vc_row-fluid\"><div class=\"wpb_column vc_column_container vc_col-sm-12\"><div class=\"vc_column-inner\"><div class=\"wpb_wrapper\"><div class=\"vc_empty_space\"   style=\"height: 32px\"><span class=\"vc_empty_space_inner\"><\/span><\/div><div class=\"vc_separator wpb_content_element vc_separator_align_center vc_sep_width_60 vc_sep_pos_align_center vc_separator_no_text vc_sep_color_grey\" ><span class=\"vc_sep_holder vc_sep_holder_l\"><span class=\"vc_sep_line\"><\/span><\/span><span class=\"vc_sep_holder vc_sep_holder_r\"><span class=\"vc_sep_line\"><\/span><\/span>\r\n<\/div><div class=\"vc_empty_space\"   style=\"height: 32px\"><span class=\"vc_empty_space_inner\"><\/span><\/div><\/div><\/div><\/div><\/div><div class=\"vc_row wpb_row vc_inner vc_row-fluid\"><div class=\"wpb_column vc_column_container vc_col-sm-6\"><div class=\"vc_column-inner\"><div class=\"wpb_wrapper\">            <div class=\"text-box wow fadeIn\" >\r\n                <div class=\"ot-heading\">\n<h2 class=\"main-heading\" style=\"text-align: left;\"><strong>Aylin Tumay<\/strong><\/h2>\n<h2 class=\"main-heading\"><\/h2>\n<\/div>\n\r\n                            <\/div>\r\n            <div class=\"vc_separator wpb_content_element vc_separator_align_center vc_sep_width_30 vc_sep_pos_align_left vc_separator_no_text vc_sep_color_grey\" ><span class=\"vc_sep_holder vc_sep_holder_l\"><span class=\"vc_sep_line\"><\/span><\/span><span class=\"vc_sep_holder vc_sep_holder_r\"><span class=\"vc_sep_line\"><\/span><\/span>\r\n<\/div>            <div class=\"text-box wow fadeIn\" >\r\n                <div class=\"ot-heading\">\n<h4 class=\"main-heading\" style=\"text-align: left;\"><strong>\u0130\u00e7 Mimar<\/strong><\/h4>\n<\/div>\n\r\n                            <\/div>\r\n                        <div class=\"text-box wow fadeIn\" data-wow-delay=\"0.01s\">\r\n                <div class=\"col-lg-6 col-md-12 align-self-center mb-5 mb-lg-0\">\n<h6><\/h6>\n<div class=\"skill-content\">\n<p><strong>EDUCATION<\/strong><\/p>\n<ul>\n<li>Bilkent University Interior Architecture and Environmental Design<\/li>\n<\/ul>\n<p><strong>WORK EXPERIENCE:<\/strong><\/p>\n<ul>\n<li>D\u2019interiors<\/li>\n<\/ul>\n<\/div>\n<\/div>\n<div class=\"col-lg-6 col-md-12 align-self-center\"><\/div>\n\r\n                            <\/div>\r\n            <\/div><\/div><\/div><div class=\"wpb_column vc_column_container vc_col-sm-6\"><div class=\"vc_column-inner\"><div class=\"wpb_wrapper\">\r\n\t<div  class=\"wpb_single_image wpb_content_element vc_align_left\">\r\n\t\t\r\n\t\t<figure class=\"wpb_wrapper vc_figure\">\r\n\t\t\t<div class=\"vc_single_image-wrapper   vc_box_border_grey\"><img loading=\"lazy\" decoding=\"async\" width=\"640\" height=\"640\" src=\"https:\/\/dinnteriors.com\/wp-content\/uploads\/2024\/02\/ic-mimar-aylin-tumay-1024x1024.jpg\" class=\"vc_single_image-img attachment-large\" alt=\"ic\u0327 mimar aylin tumay\" title=\"ic\u0327 mimar aylin tumay\" srcset=\"https:\/\/dinnteriors.com\/wp-content\/uploads\/2024\/02\/ic-mimar-aylin-tumay-1024x1024.jpg 1024w, https:\/\/dinnteriors.com\/wp-content\/uploads\/2024\/02\/ic-mimar-aylin-tumay-300x300.jpg 300w, https:\/\/dinnteriors.com\/wp-content\/uploads\/2024\/02\/ic-mimar-aylin-tumay-150x150.jpg 150w, https:\/\/dinnteriors.com\/wp-content\/uploads\/2024\/02\/ic-mimar-aylin-tumay-768x768.jpg 768w, https:\/\/dinnteriors.com\/wp-content\/uploads\/2024\/02\/ic-mimar-aylin-tumay-12x12.jpg 12w, https:\/\/dinnteriors.com\/wp-content\/uploads\/2024\/02\/ic-mimar-aylin-tumay.jpg 1200w\" sizes=\"auto, (max-width: 640px) 100vw, 640px\" \/><\/div>\r\n\t\t<\/figure>\r\n\t<\/div>\r\n<\/div><\/div><\/div><\/div><\/div><\/div><\/div><\/div><\/div><\/section><section class=\"content-section\" ><div class=\"vc_row wpb_row vc_row-fluid\"><div class=\"wpb_column vc_column_container vc_col-sm-12\"><div class=\"vc_column-inner\"><div class=\"wpb_wrapper\">\r\n\t<div class=\"wpb_text_column wpb_content_element\" >\r\n\t\t<div class=\"wpb_wrapper\">\r\n\t\t\t\r\n\t\t<\/div>\r\n\t<\/div>\r\n<\/div><\/div><\/div><\/div><\/section>\n<\/section>","protected":false},"excerpt":{"rendered":"DISCOVER WHO WE ARE? D\u2019interiors insanlar\u0131n hayallerini ger\u00e7ekle\u015ftirebilece\u011fi kendilerini rahat ve bir o kadar da \u00f6zg\u00fcr hissedebilecekleri yarat\u0131c\u0131, cesur ve bir o kadar da estetik a\u00e7\u0131dan g\u00f6ze hitap eden tasar\u0131mlar\u0131yla \u201cfark \u201c yaratmay\u0131 ilke edinen bir i\u00e7 mimarl\u0131k ve in\u015faat firmas\u0131d\u0131r. \u0130nsan psikolojisinin i\u00e7 mimarl\u0131kla her zaman i\u00e7 i\u00e7e oldu\u011funa inanm\u0131\u015f bir firma olarak, amac\u0131m\u0131z [...]","protected":false},"author":1,"featured_media":0,"parent":0,"menu_order":0,"comment_status":"closed","ping_status":"closed","template":"","meta":{"_coblocks_attr":"","_coblocks_dimensions":"","_coblocks_responsive_height":"","_coblocks_accordion_ie_support":"","footnotes":""},"class_list":["post-3587","page","type-page","status-publish","hentry"],"yoast_head":"<!-- This site is optimized with the Yoast SEO plugin v27.3 - https:\/\/yoast.com\/product\/yoast-seo-wordpress\/ -->\n<title>TEAM - D&#039;interiors<\/title>\n<meta name=\"robots\" content=\"index, follow, max-snippet:-1, max-image-preview:large, max-video-preview:-1\" \/>\n<link rel=\"canonical\" href=\"https:\/\/dinnteriors.com\/en\/team\/\" \/>\n<meta property=\"og:locale\" content=\"en_US\" \/>\n<meta property=\"og:type\" content=\"article\" \/>\n<meta property=\"og:title\" content=\"TEAM - D&#039;interiors\" \/>\n<meta property=\"og:url\" content=\"https:\/\/dinnteriors.com\/en\/team\/\" \/>\n<meta property=\"og:site_name\" content=\"D&#039;interiors\" \/>\n<meta property=\"article:modified_time\" content=\"2024-03-08T07:10:25+00:00\" \/>\n<meta name=\"twitter:card\" content=\"summary_large_image\" \/>\n<meta name=\"twitter:label1\" content=\"Est. reading time\" \/>\n\t<meta name=\"twitter:data1\" content=\"5 minutes\" \/>\n<script type=\"application\/ld+json\" class=\"yoast-schema-graph\">{\"@context\":\"https:\\\/\\\/schema.org\",\"@graph\":[{\"@type\":\"WebPage\",\"@id\":\"https:\\\/\\\/dinnteriors.com\\\/team\\\/\",\"url\":\"https:\\\/\\\/dinnteriors.com\\\/team\\\/\",\"name\":\"TEAM - D&#039;interiors\",\"isPartOf\":{\"@id\":\"https:\\\/\\\/dinnteriors.com\\\/#website\"},\"datePublished\":\"2024-02-22T14:23:11+00:00\",\"dateModified\":\"2024-03-08T07:10:25+00:00\",\"breadcrumb\":{\"@id\":\"https:\\\/\\\/dinnteriors.com\\\/team\\\/#breadcrumb\"},\"inLanguage\":\"en-US\",\"potentialAction\":[{\"@type\":\"ReadAction\",\"target\":[\"https:\\\/\\\/dinnteriors.com\\\/team\\\/\"]}]},{\"@type\":\"BreadcrumbList\",\"@id\":\"https:\\\/\\\/dinnteriors.com\\\/team\\\/#breadcrumb\",\"itemListElement\":[{\"@type\":\"ListItem\",\"position\":1,\"name\":\"Home\",\"item\":\"https:\\\/\\\/dinnteriors.com\\\/\"},{\"@type\":\"ListItem\",\"position\":2,\"name\":\"TEAM\"}]},{\"@type\":\"WebSite\",\"@id\":\"https:\\\/\\\/dinnteriors.com\\\/#website\",\"url\":\"https:\\\/\\\/dinnteriors.com\\\/\",\"name\":\"D'interiors\",\"description\":\"Ankara \u0130\u00e7 Mimarl\u0131k &amp; \u0130n\u015faat &amp; Proje &amp; Tasar\u0131m\",\"potentialAction\":[{\"@type\":\"SearchAction\",\"target\":{\"@type\":\"EntryPoint\",\"urlTemplate\":\"https:\\\/\\\/dinnteriors.com\\\/?s={search_term_string}\"},\"query-input\":{\"@type\":\"PropertyValueSpecification\",\"valueRequired\":true,\"valueName\":\"search_term_string\"}}],\"inLanguage\":\"en-US\"}]}<\/script>\n<!-- \/ Yoast SEO plugin. -->","yoast_head_json":{"title":"TEAM - D&#039;interiors","robots":{"index":"index","follow":"follow","max-snippet":"max-snippet:-1","max-image-preview":"max-image-preview:large","max-video-preview":"max-video-preview:-1"},"canonical":"https:\/\/dinnteriors.com\/en\/team\/","og_locale":"en_US","og_type":"article","og_title":"TEAM - D&#039;interiors","og_url":"https:\/\/dinnteriors.com\/en\/team\/","og_site_name":"D&#039;interiors","article_modified_time":"2024-03-08T07:10:25+00:00","twitter_card":"summary_large_image","twitter_misc":{"Est. reading time":"5 minutes"},"schema":{"@context":"https:\/\/schema.org","@graph":[{"@type":"WebPage","@id":"https:\/\/dinnteriors.com\/team\/","url":"https:\/\/dinnteriors.com\/team\/","name":"TEAM - D&#039;interiors","isPartOf":{"@id":"https:\/\/dinnteriors.com\/#website"},"datePublished":"2024-02-22T14:23:11+00:00","dateModified":"2024-03-08T07:10:25+00:00","breadcrumb":{"@id":"https:\/\/dinnteriors.com\/team\/#breadcrumb"},"inLanguage":"en-US","potentialAction":[{"@type":"ReadAction","target":["https:\/\/dinnteriors.com\/team\/"]}]},{"@type":"BreadcrumbList","@id":"https:\/\/dinnteriors.com\/team\/#breadcrumb","itemListElement":[{"@type":"ListItem","position":1,"name":"Home","item":"https:\/\/dinnteriors.com\/"},{"@type":"ListItem","position":2,"name":"TEAM"}]},{"@type":"WebSite","@id":"https:\/\/dinnteriors.com\/#website","url":"https:\/\/dinnteriors.com\/","name":"D'interiors","description":"Ankara \u0130\u00e7 Mimarl\u0131k &amp; \u0130n\u015faat &amp; Proje &amp; Tasar\u0131m","potentialAction":[{"@type":"SearchAction","target":{"@type":"EntryPoint","urlTemplate":"https:\/\/dinnteriors.com\/?s={search_term_string}"},"query-input":{"@type":"PropertyValueSpecification","valueRequired":true,"valueName":"search_term_string"}}],"inLanguage":"en-US"}]}},"_links":{"self":[{"href":"https:\/\/dinnteriors.com\/en\/wp-json\/wp\/v2\/pages\/3587","targetHints":{"allow":["GET"]}}],"collection":[{"href":"https:\/\/dinnteriors.com\/en\/wp-json\/wp\/v2\/pages"}],"about":[{"href":"https:\/\/dinnteriors.com\/en\/wp-json\/wp\/v2\/types\/page"}],"author":[{"embeddable":true,"href":"https:\/\/dinnteriors.com\/en\/wp-json\/wp\/v2\/users\/1"}],"replies":[{"embeddable":true,"href":"https:\/\/dinnteriors.com\/en\/wp-json\/wp\/v2\/comments?post=3587"}],"version-history":[{"count":0,"href":"https:\/\/dinnteriors.com\/en\/wp-json\/wp\/v2\/pages\/3587\/revisions"}],"wp:attachment":[{"href":"https:\/\/dinnteriors.com\/en\/wp-json\/wp\/v2\/media?parent=3587"}],"curies":[{"name":"wp","href":"https:\/\/api.w.org\/{rel}","templated":true}]}}