{"id":4337,"date":"2025-03-27T13:08:44","date_gmt":"2025-03-27T13:08:44","guid":{"rendered":"https:\/\/www.dinnteriors.com\/?page_id=4337"},"modified":"2025-03-27T13:10:37","modified_gmt":"2025-03-27T13:10:37","slug":"psikoloji-laboratuvari","status":"publish","type":"page","link":"https:\/\/dinnteriors.com\/en\/psikoloji-laboratuvari\/","title":{"rendered":"PS\u0130KOLOJ\u0130 LABORATUVARI"},"content":{"rendered":"<section class=\"wpb-content-wrapper\"><section class=\"content-section no-spacing\" ><div class=\"vc_row wpb_row vc_row-fluid\"><div class=\"wpb_column vc_column_container vc_col-sm-12\"><div class=\"vc_column-inner\"><div class=\"wpb_wrapper\">                            <header class=\"header hero-header\">\r\n                                                                \r\n                                \r\n                                <div class=\"swiper-slider\"\r\n                                     data-speed=\"600\"\r\n                                     data-autoplay-delay=\"4500\"\r\n                                     data-loop=\"enable\"\r\n                                >\r\n                                    <div class=\"swiper-wrapper\">\r\n                                                                                    <div class=\"swiper-slide\"\r\n                                                                                                    data-tilt\r\n data-tilt-max=\"5\"\r\n                                                    data-tilt-speed=\"500\"\r\n                                                    data-tilt-perspective=\"1500\"\r\n                                                                                            >\r\n                                                <div class=\"slide-inner bg-image\"\r\n                                                     data-background=\"https:\/\/dinnteriors.com\/wp-content\/uploads\/2025\/03\/28.jpg\">\r\n\t\t\t\t\t\t\t\t\t\t\t\t\t                                                     <div class=\"container\">\r\n                                                        <div class=\"tagline\">\r\n                                                             <span>01<\/span>\r\n                                                                                                                    <\/div>\r\n                                                        <h1>\r\n                                                            PS\u0130KOLOJ\u0130 LABORATUVARI                                                                                                                    <\/h1>\r\n\r\n\r\n                                                        \r\n\r\n                                                    <\/div>\r\n                                                <\/div>\r\n                                            <\/div>\r\n                                                                                    <div class=\"swiper-slide\"\r\n                                                                                                    data-tilt\r\n data-tilt-max=\"5\"\r\n                                                    data-tilt-speed=\"500\"\r\n                                                    data-tilt-perspective=\"1500\"\r\n                                                                                            >\r\n                                                <div class=\"slide-inner bg-image\"\r\n                                                     data-background=\"https:\/\/dinnteriors.com\/wp-content\/uploads\/2025\/03\/29.jpg\">\r\n\t\t\t\t\t\t\t\t\t\t\t\t\t                                                     <div class=\"container\">\r\n                                                        <div class=\"tagline\">\r\n                                                             <span>02<\/span>\r\n                                                                                                                    <\/div>\r\n                                                        <h1>\r\n                                                            PS\u0130KOLOJ\u0130 LABORATUVARI                                                                                                                    <\/h1>\r\n\r\n\r\n                                                        \r\n\r\n                                                    <\/div>\r\n                                                <\/div>\r\n                                            <\/div>\r\n                                                                                    <div class=\"swiper-slide\"\r\n                                                                                                    data-tilt\r\n data-tilt-max=\"5\"\r\n                                                    data-tilt-speed=\"500\"\r\n                                                    data-tilt-perspective=\"1500\"\r\n                                                                                            >\r\n                                                <div class=\"slide-inner bg-image\"\r\n                                                     data-background=\"https:\/\/dinnteriors.com\/wp-content\/uploads\/2025\/03\/30.jpg\">\r\n\t\t\t\t\t\t\t\t\t\t\t\t\t                                                     <div class=\"container\">\r\n                                                        <div class=\"tagline\">\r\n                                                             <span>03<\/span>\r\n                                                                                                                    <\/div>\r\n                                                        <h1>\r\n                                                            PS\u0130KOLOJ\u0130 LABORATUVARI                                                                                                                    <\/h1>\r\n\r\n\r\n                                                        \r\n\r\n                                                    <\/div>\r\n                                                <\/div>\r\n                                            <\/div>\r\n                                                                                    <div class=\"swiper-slide\"\r\n                                                                                                    data-tilt\r\n data-tilt-max=\"5\"\r\n                                                    data-tilt-speed=\"500\"\r\n                                                    data-tilt-perspective=\"1500\"\r\n                                                                                            >\r\n                                                <div class=\"slide-inner bg-image\"\r\n                                                     data-background=\"https:\/\/dinnteriors.com\/wp-content\/uploads\/2025\/03\/31.jpg\">\r\n\t\t\t\t\t\t\t\t\t\t\t\t\t                                                     <div class=\"container\">\r\n                                                        <div class=\"tagline\">\r\n                                                             <span>04<\/span>\r\n                                                                                                                    <\/div>\r\n                                                        <h1>\r\n                                                            PS\u0130KOLOJ\u0130 LABORATUVARI                                                                                                                    <\/h1>\r\n\r\n\r\n                                                        \r\n\r\n                                                    <\/div>\r\n                                                <\/div>\r\n                                            <\/div>\r\n                                                                                    <div class=\"swiper-slide\"\r\n                                                                                                    data-tilt\r\n data-tilt-max=\"5\"\r\n                                                    data-tilt-speed=\"500\"\r\n                                                    data-tilt-perspective=\"1500\"\r\n                                                                                            >\r\n                                                <div class=\"slide-inner bg-image\"\r\n                                                     data-background=\"https:\/\/dinnteriors.com\/wp-content\/uploads\/2025\/03\/32.jpg\">\r\n\t\t\t\t\t\t\t\t\t\t\t\t\t                                                     <div class=\"container\">\r\n                                                        <div class=\"tagline\">\r\n                                                             <span>05<\/span>\r\n                                                                                                                    <\/div>\r\n                                                        <h1>\r\n                                                            PS\u0130KOLOJ\u0130 LABORATUVARI                                                                                                                    <\/h1>\r\n\r\n\r\n                                                        \r\n\r\n                                                    <\/div>\r\n                                                <\/div>\r\n                                            <\/div>\r\n                                                                                    <div class=\"swiper-slide\"\r\n                                                                                                    data-tilt\r\n data-tilt-max=\"5\"\r\n                                                    data-tilt-speed=\"500\"\r\n                                                    data-tilt-perspective=\"1500\"\r\n                                                                                            >\r\n                                                <div class=\"slide-inner bg-image\"\r\n                                                     data-background=\"https:\/\/dinnteriors.com\/wp-content\/uploads\/2025\/03\/33.jpg\">\r\n\t\t\t\t\t\t\t\t\t\t\t\t\t                                                     <div class=\"container\">\r\n                                                        <div class=\"tagline\">\r\n                                                             <span>06<\/span>\r\n                                                                                                                    <\/div>\r\n                                                        <h1>\r\n                                                            PS\u0130KOLOJ\u0130 LABORATUVARI                                                                                                                    <\/h1>\r\n\r\n\r\n                                                        \r\n\r\n                                                    <\/div>\r\n                                                <\/div>\r\n                                            <\/div>\r\n                                                                            <\/div>\r\n\r\n                                                                            <!-- end swiper-wrapper -->\r\n                                        <div class=\"swiper-pagination\"><\/div>\r\n                                        <!-- end swiper-pagination -->\r\n                                        <div class=\"swiper-fraction\"><\/div>\r\n                                                                    <\/div>\r\n\r\n                            <\/header>\r\n\r\n                        <\/div><\/div><\/div><\/div><\/section>\n<\/section>","protected":false},"excerpt":{"rendered":"","protected":false},"author":1,"featured_media":0,"parent":0,"menu_order":0,"comment_status":"closed","ping_status":"closed","template":"page-builder.php","meta":{"_coblocks_attr":"","_coblocks_dimensions":"","_coblocks_responsive_height":"","_coblocks_accordion_ie_support":"","footnotes":""},"class_list":["post-4337","page","type-page","status-publish","hentry"],"yoast_head":"<!-- This site is optimized with the Yoast SEO plugin v27.3 - https:\/\/yoast.com\/product\/yoast-seo-wordpress\/ -->\n<title>PS\u0130KOLOJ\u0130 LABORATUVARI - D&#039;interiors<\/title>\n<meta name=\"robots\" content=\"index, follow, max-snippet:-1, max-image-preview:large, max-video-preview:-1\" \/>\n<link rel=\"canonical\" href=\"https:\/\/dinnteriors.com\/en\/psikoloji-laboratuvari\/\" \/>\n<meta property=\"og:locale\" content=\"en_US\" \/>\n<meta property=\"og:type\" content=\"article\" \/>\n<meta property=\"og:title\" content=\"PS\u0130KOLOJ\u0130 LABORATUVARI - D&#039;interiors\" \/>\n<meta property=\"og:url\" content=\"https:\/\/dinnteriors.com\/en\/psikoloji-laboratuvari\/\" \/>\n<meta property=\"og:site_name\" content=\"D&#039;interiors\" \/>\n<meta property=\"article:modified_time\" content=\"2025-03-27T13:10:37+00:00\" \/>\n<meta name=\"twitter:card\" content=\"summary_large_image\" \/>\n<meta name=\"twitter:label1\" content=\"Est. reading time\" \/>\n\t<meta name=\"twitter:data1\" content=\"1 minute\" \/>\n<script type=\"application\/ld+json\" class=\"yoast-schema-graph\">{\"@context\":\"https:\\\/\\\/schema.org\",\"@graph\":[{\"@type\":\"WebPage\",\"@id\":\"https:\\\/\\\/dinnteriors.com\\\/psikoloji-laboratuvari\\\/\",\"url\":\"https:\\\/\\\/dinnteriors.com\\\/psikoloji-laboratuvari\\\/\",\"name\":\"PS\u0130KOLOJ\u0130 LABORATUVARI - D&#039;interiors\",\"isPartOf\":{\"@id\":\"https:\\\/\\\/dinnteriors.com\\\/#website\"},\"datePublished\":\"2025-03-27T13:08:44+00:00\",\"dateModified\":\"2025-03-27T13:10:37+00:00\",\"breadcrumb\":{\"@id\":\"https:\\\/\\\/dinnteriors.com\\\/psikoloji-laboratuvari\\\/#breadcrumb\"},\"inLanguage\":\"en-US\",\"potentialAction\":[{\"@type\":\"ReadAction\",\"target\":[\"https:\\\/\\\/dinnteriors.com\\\/psikoloji-laboratuvari\\\/\"]}]},{\"@type\":\"BreadcrumbList\",\"@id\":\"https:\\\/\\\/dinnteriors.com\\\/psikoloji-laboratuvari\\\/#breadcrumb\",\"itemListElement\":[{\"@type\":\"ListItem\",\"position\":1,\"name\":\"Home\",\"item\":\"https:\\\/\\\/dinnteriors.com\\\/\"},{\"@type\":\"ListItem\",\"position\":2,\"name\":\"PS\u0130KOLOJ\u0130 LABORATUVARI\"}]},{\"@type\":\"WebSite\",\"@id\":\"https:\\\/\\\/dinnteriors.com\\\/#website\",\"url\":\"https:\\\/\\\/dinnteriors.com\\\/\",\"name\":\"D'interiors\",\"description\":\"Ankara \u0130\u00e7 Mimarl\u0131k &amp; \u0130n\u015faat &amp; Proje &amp; Tasar\u0131m\",\"potentialAction\":[{\"@type\":\"SearchAction\",\"target\":{\"@type\":\"EntryPoint\",\"urlTemplate\":\"https:\\\/\\\/dinnteriors.com\\\/?s={search_term_string}\"},\"query-input\":{\"@type\":\"PropertyValueSpecification\",\"valueRequired\":true,\"valueName\":\"search_term_string\"}}],\"inLanguage\":\"en-US\"}]}<\/script>\n<!-- \/ Yoast SEO plugin. -->","yoast_head_json":{"title":"PS\u0130KOLOJ\u0130 LABORATUVARI - D&#039;interiors","robots":{"index":"index","follow":"follow","max-snippet":"max-snippet:-1","max-image-preview":"max-image-preview:large","max-video-preview":"max-video-preview:-1"},"canonical":"https:\/\/dinnteriors.com\/en\/psikoloji-laboratuvari\/","og_locale":"en_US","og_type":"article","og_title":"PS\u0130KOLOJ\u0130 LABORATUVARI - D&#039;interiors","og_url":"https:\/\/dinnteriors.com\/en\/psikoloji-laboratuvari\/","og_site_name":"D&#039;interiors","article_modified_time":"2025-03-27T13:10:37+00:00","twitter_card":"summary_large_image","twitter_misc":{"Est. reading time":"1 minute"},"schema":{"@context":"https:\/\/schema.org","@graph":[{"@type":"WebPage","@id":"https:\/\/dinnteriors.com\/psikoloji-laboratuvari\/","url":"https:\/\/dinnteriors.com\/psikoloji-laboratuvari\/","name":"PS\u0130KOLOJ\u0130 LABORATUVARI - D&#039;interiors","isPartOf":{"@id":"https:\/\/dinnteriors.com\/#website"},"datePublished":"2025-03-27T13:08:44+00:00","dateModified":"2025-03-27T13:10:37+00:00","breadcrumb":{"@id":"https:\/\/dinnteriors.com\/psikoloji-laboratuvari\/#breadcrumb"},"inLanguage":"en-US","potentialAction":[{"@type":"ReadAction","target":["https:\/\/dinnteriors.com\/psikoloji-laboratuvari\/"]}]},{"@type":"BreadcrumbList","@id":"https:\/\/dinnteriors.com\/psikoloji-laboratuvari\/#breadcrumb","itemListElement":[{"@type":"ListItem","position":1,"name":"Home","item":"https:\/\/dinnteriors.com\/"},{"@type":"ListItem","position":2,"name":"PS\u0130KOLOJ\u0130 LABORATUVARI"}]},{"@type":"WebSite","@id":"https:\/\/dinnteriors.com\/#website","url":"https:\/\/dinnteriors.com\/","name":"D'interiors","description":"Ankara \u0130\u00e7 Mimarl\u0131k &amp; \u0130n\u015faat &amp; Proje &amp; Tasar\u0131m","potentialAction":[{"@type":"SearchAction","target":{"@type":"EntryPoint","urlTemplate":"https:\/\/dinnteriors.com\/?s={search_term_string}"},"query-input":{"@type":"PropertyValueSpecification","valueRequired":true,"valueName":"search_term_string"}}],"inLanguage":"en-US"}]}},"_links":{"self":[{"href":"https:\/\/dinnteriors.com\/en\/wp-json\/wp\/v2\/pages\/4337","targetHints":{"allow":["GET"]}}],"collection":[{"href":"https:\/\/dinnteriors.com\/en\/wp-json\/wp\/v2\/pages"}],"about":[{"href":"https:\/\/dinnteriors.com\/en\/wp-json\/wp\/v2\/types\/page"}],"author":[{"embeddable":true,"href":"https:\/\/dinnteriors.com\/en\/wp-json\/wp\/v2\/users\/1"}],"replies":[{"embeddable":true,"href":"https:\/\/dinnteriors.com\/en\/wp-json\/wp\/v2\/comments?post=4337"}],"version-history":[{"count":0,"href":"https:\/\/dinnteriors.com\/en\/wp-json\/wp\/v2\/pages\/4337\/revisions"}],"wp:attachment":[{"href":"https:\/\/dinnteriors.com\/en\/wp-json\/wp\/v2\/media?parent=4337"}],"curies":[{"name":"wp","href":"https:\/\/api.w.org\/{rel}","templated":true}]}}